{"id":5939,"date":"2024-02-25T16:26:56","date_gmt":"2024-02-25T16:26:56","guid":{"rendered":"https:\/\/www.beonsan.com\/kalite-ve-cevre-politikamiz\/"},"modified":"2024-04-06T16:26:21","modified_gmt":"2024-04-06T16:26:21","slug":"quality-and-environmental-policy","status":"publish","type":"page","link":"https:\/\/www.beonsan.com\/en\/quality-and-environmental-policy\/","title":{"rendered":"Quality and Environmental Policy"},"content":{"rendered":"\t\t<div data-elementor-type=\"wp-page\" data-elementor-id=\"5939\" class=\"elementor elementor-5939 elementor-151\" data-elementor-post-type=\"page\">\n\t\t\t\t\t\t<section class=\"elementor-section elementor-top-section elementor-element elementor-element-58f69979 elementor-section-full_width elementor-section-height-default elementor-section-height-default\" data-id=\"58f69979\" data-element_type=\"section\" data-settings=\"{&quot;background_background&quot;:&quot;classic&quot;}\">\n\t\t\t\t\t\t\t<div class=\"elementor-background-overlay\"><\/div>\n\t\t\t\t\t\t\t<div class=\"elementor-container elementor-column-gap-default\">\n\t\t\t\t\t<div class=\"elementor-column elementor-col-100 elementor-top-column elementor-element elementor-element-3377a66\" data-id=\"3377a66\" data-element_type=\"column\">\n\t\t\t<div class=\"elementor-widget-wrap elementor-element-populated\">\n\t\t\t\t\t\t<div class=\"elementor-element elementor-element-4c2c7c42 elementor-invisible elementor-widget elementor-widget-heading\" data-id=\"4c2c7c42\" data-element_type=\"widget\" data-settings=\"{&quot;_animation&quot;:&quot;fadeInLeft&quot;}\" data-widget_type=\"heading.default\">\n\t\t\t\t<div class=\"elementor-widget-container\">\n\t\t\t\t\t<p class=\"elementor-heading-title elementor-size-default\">Corporate<\/p>\t\t\t\t<\/div>\n\t\t\t\t<\/div>\n\t\t\t\t<div class=\"elementor-element elementor-element-462a211d elementor-invisible elementor-widget elementor-widget-heading\" data-id=\"462a211d\" data-element_type=\"widget\" data-settings=\"{&quot;_animation&quot;:&quot;fadeInDown&quot;}\" data-widget_type=\"heading.default\">\n\t\t\t\t<div class=\"elementor-widget-container\">\n\t\t\t\t\t<h1 class=\"elementor-heading-title elementor-size-default\">Quality and Environmental Policy<\/h1>\t\t\t\t<\/div>\n\t\t\t\t<\/div>\n\t\t\t\t\t<\/div>\n\t\t<\/div>\n\t\t\t\t\t<\/div>\n\t\t<\/section>\n\t\t\t\t<section class=\"elementor-section elementor-top-section elementor-element elementor-element-65a36d53 elementor-section-boxed elementor-section-height-default elementor-section-height-default\" data-id=\"65a36d53\" data-element_type=\"section\" data-settings=\"{&quot;background_background&quot;:&quot;classic&quot;}\">\n\t\t\t\t\t\t<div class=\"elementor-container elementor-column-gap-default\">\n\t\t\t\t\t<div class=\"elementor-column elementor-col-66 elementor-top-column elementor-element elementor-element-7b2d078d\" data-id=\"7b2d078d\" data-element_type=\"column\" data-settings=\"{&quot;background_background&quot;:&quot;classic&quot;}\">\n\t\t\t<div class=\"elementor-widget-wrap elementor-element-populated\">\n\t\t\t\t\t\t<div class=\"elementor-element elementor-element-69713bb8 elementor-widget elementor-widget-text-editor\" data-id=\"69713bb8\" data-element_type=\"widget\" data-widget_type=\"text-editor.default\">\n\t\t\t\t<div class=\"elementor-widget-container\">\n\t\t\t\t\t\t\t\t\t<p><b>Beonsan Quality and Environmental Policy<\/b><\/p><p><span style=\"font-weight: 400;\">Beonsan is a leading brand recognized for its commitment to quality and sustainability in the construction sector. Our understanding of quality prioritizes the highest standards and customer satisfaction at every stage of our products. At Beonsan, we are determined to develop eco-friendly practices and green construction techniques, considering not only the needs of today but also those of future generations.<\/span><\/p><p><b>Our Quality Commitment<\/b><\/p><p><span style=\"font-weight: 400;\">At Beonsan, quality is the cornerstone of every project. Our innovative solutions and superior engineering skills aim for excellence in every product and service we offer. Our quality control processes exceed industry standards, providing our customers with reliable and durable building solutions. Our approach to continuous improvement and ongoing employee training ensures that our quality standards are continually elevated.<\/span><\/p><p><b>Our Environmental Policy<\/b><\/p><p><span style=\"font-weight: 400;\">Beonsan&#8217;s environmental policy is based on preserving natural resources and reducing our environmental impact. Sustainable material usage, waste management, and energy efficiency are fundamental aspects of our operations. Through innovative designs and eco-friendly practices, we comply with green building certifications and environmental standards. Our responsibility to society and the environment takes precedence in all our business processes.<\/span><\/p><p><span style=\"font-weight: 400;\">At Beonsan, we aim to maintain our leadership in the industry and build a better future for our world by placing our quality and environmental policies at the center of our business strategy.<\/span><\/p>\t\t\t\t\t\t\t\t<\/div>\n\t\t\t\t<\/div>\n\t\t\t\t\t<\/div>\n\t\t<\/div>\n\t\t\t\t<div class=\"elementor-column elementor-col-33 elementor-top-column elementor-element elementor-element-16b4298f\" data-id=\"16b4298f\" data-element_type=\"column\">\n\t\t\t<div class=\"elementor-widget-wrap elementor-element-populated\">\n\t\t\t\t\t\t<section class=\"elementor-section elementor-inner-section elementor-element elementor-element-38bcc194 elementor-section-boxed elementor-section-height-default elementor-section-height-default\" data-id=\"38bcc194\" data-element_type=\"section\">\n\t\t\t\t\t\t<div class=\"elementor-container elementor-column-gap-default\">\n\t\t\t\t\t<div class=\"elementor-column elementor-col-100 elementor-inner-column elementor-element elementor-element-776cf331\" data-id=\"776cf331\" data-element_type=\"column\" data-settings=\"{&quot;background_background&quot;:&quot;classic&quot;}\">\n\t\t\t<div class=\"elementor-widget-wrap elementor-element-populated\">\n\t\t\t\t\t<div class=\"elementor-background-overlay\"><\/div>\n\t\t\t\t\t\t<div class=\"elementor-element elementor-element-3d2fecb7 elementor-widget elementor-widget-heading\" data-id=\"3d2fecb7\" data-element_type=\"widget\" data-widget_type=\"heading.default\">\n\t\t\t\t<div class=\"elementor-widget-container\">\n\t\t\t\t\t<h2 class=\"elementor-heading-title elementor-size-default\">Catalog<\/h2>\t\t\t\t<\/div>\n\t\t\t\t<\/div>\n\t\t\t\t<div class=\"elementor-element elementor-element-540b043a elementor-widget elementor-widget-text-editor\" data-id=\"540b043a\" data-element_type=\"widget\" data-widget_type=\"text-editor.default\">\n\t\t\t\t<div class=\"elementor-widget-container\">\n\t\t\t\t\t\t\t\t\t<p>You can access our catalog below.<\/p>\t\t\t\t\t\t\t\t<\/div>\n\t\t\t\t<\/div>\n\t\t\t\t<div class=\"elementor-element elementor-element-6e04129f elementor-widget__width-auto elementor-widget elementor-widget-button\" data-id=\"6e04129f\" data-element_type=\"widget\" data-widget_type=\"button.default\">\n\t\t\t\t<div class=\"elementor-widget-container\">\n\t\t\t\t\t\t\t\t\t<div class=\"elementor-button-wrapper\">\n\t\t\t\t\t<a class=\"elementor-button elementor-button-link elementor-size-sm\" href=\"https:\/\/www.beonsan.com\/wp-content\/uploads\/2024\/03\/beonsan-katalog.pdf\">\n\t\t\t\t\t\t<span class=\"elementor-button-content-wrapper\">\n\t\t\t\t\t\t\t\t\t<span class=\"elementor-button-text\">Download Catalog<\/span>\n\t\t\t\t\t<\/span>\n\t\t\t\t\t<\/a>\n\t\t\t\t<\/div>\n\t\t\t\t\t\t\t\t<\/div>\n\t\t\t\t<\/div>\n\t\t\t\t\t<\/div>\n\t\t<\/div>\n\t\t\t\t\t<\/div>\n\t\t<\/section>\n\t\t\t\t<section class=\"elementor-section elementor-inner-section elementor-element elementor-element-458f1c78 elementor-section-boxed elementor-section-height-default elementor-section-height-default elementor-invisible\" data-id=\"458f1c78\" data-element_type=\"section\" data-settings=\"{&quot;animation&quot;:&quot;fadeInUp&quot;}\">\n\t\t\t\t\t\t<div class=\"elementor-container elementor-column-gap-default\">\n\t\t\t\t\t<div class=\"elementor-column elementor-col-100 elementor-inner-column elementor-element elementor-element-26ad1f0c\" data-id=\"26ad1f0c\" data-element_type=\"column\" data-settings=\"{&quot;background_background&quot;:&quot;classic&quot;}\">\n\t\t\t<div class=\"elementor-widget-wrap elementor-element-populated\">\n\t\t\t\t\t\t<div class=\"elementor-element elementor-element-5d030c8d elementor-widget elementor-widget-heading\" data-id=\"5d030c8d\" data-element_type=\"widget\" data-widget_type=\"heading.default\">\n\t\t\t\t<div class=\"elementor-widget-container\">\n\t\t\t\t\t<h2 class=\"elementor-heading-title elementor-size-default\">Quick Menu<\/h2>\t\t\t\t<\/div>\n\t\t\t\t<\/div>\n\t\t\t\t<div class=\"elementor-element elementor-element-f36d0ac elementor-icon-list--layout-traditional elementor-list-item-link-full_width elementor-widget elementor-widget-icon-list\" data-id=\"f36d0ac\" data-element_type=\"widget\" data-widget_type=\"icon-list.default\">\n\t\t\t\t<div class=\"elementor-widget-container\">\n\t\t\t\t\t\t\t<ul class=\"elementor-icon-list-items\">\n\t\t\t\t\t\t\t<li class=\"elementor-icon-list-item\">\n\t\t\t\t\t\t\t\t\t\t\t<a href=\"https:\/\/www.beonsan.com\/en\/our-mission\/\">\n\n\t\t\t\t\t\t\t\t\t\t\t\t<span class=\"elementor-icon-list-icon\">\n\t\t\t\t\t\t\t<svg aria-hidden=\"true\" class=\"e-font-icon-svg e-fas-grip-lines\" viewBox=\"0 0 512 512\" xmlns=\"http:\/\/www.w3.org\/2000\/svg\"><path d=\"M496 288H16c-8.8 0-16 7.2-16 16v32c0 8.8 7.2 16 16 16h480c8.8 0 16-7.2 16-16v-32c0-8.8-7.2-16-16-16zm0-128H16c-8.8 0-16 7.2-16 16v32c0 8.8 7.2 16 16 16h480c8.8 0 16-7.2 16-16v-32c0-8.8-7.2-16-16-16z\"><\/path><\/svg>\t\t\t\t\t\t<\/span>\n\t\t\t\t\t\t\t\t\t\t<span class=\"elementor-icon-list-text\">Our Mission<\/span>\n\t\t\t\t\t\t\t\t\t\t\t<\/a>\n\t\t\t\t\t\t\t\t\t<\/li>\n\t\t\t\t\t\t\t\t<li class=\"elementor-icon-list-item\">\n\t\t\t\t\t\t\t\t\t\t\t<a href=\"https:\/\/www.beonsan.com\/en\/our-vision\/\">\n\n\t\t\t\t\t\t\t\t\t\t\t\t<span class=\"elementor-icon-list-icon\">\n\t\t\t\t\t\t\t<svg aria-hidden=\"true\" class=\"e-font-icon-svg e-fas-grip-lines\" viewBox=\"0 0 512 512\" xmlns=\"http:\/\/www.w3.org\/2000\/svg\"><path d=\"M496 288H16c-8.8 0-16 7.2-16 16v32c0 8.8 7.2 16 16 16h480c8.8 0 16-7.2 16-16v-32c0-8.8-7.2-16-16-16zm0-128H16c-8.8 0-16 7.2-16 16v32c0 8.8 7.2 16 16 16h480c8.8 0 16-7.2 16-16v-32c0-8.8-7.2-16-16-16z\"><\/path><\/svg>\t\t\t\t\t\t<\/span>\n\t\t\t\t\t\t\t\t\t\t<span class=\"elementor-icon-list-text\">Our vision<\/span>\n\t\t\t\t\t\t\t\t\t\t\t<\/a>\n\t\t\t\t\t\t\t\t\t<\/li>\n\t\t\t\t\t\t\t\t<li class=\"elementor-icon-list-item\">\n\t\t\t\t\t\t\t\t\t\t\t<a href=\"https:\/\/www.beonsan.com\/en\/quality-certificates\/\">\n\n\t\t\t\t\t\t\t\t\t\t\t\t<span class=\"elementor-icon-list-icon\">\n\t\t\t\t\t\t\t<svg aria-hidden=\"true\" class=\"e-font-icon-svg e-fas-grip-lines\" viewBox=\"0 0 512 512\" xmlns=\"http:\/\/www.w3.org\/2000\/svg\"><path d=\"M496 288H16c-8.8 0-16 7.2-16 16v32c0 8.8 7.2 16 16 16h480c8.8 0 16-7.2 16-16v-32c0-8.8-7.2-16-16-16zm0-128H16c-8.8 0-16 7.2-16 16v32c0 8.8 7.2 16 16 16h480c8.8 0 16-7.2 16-16v-32c0-8.8-7.2-16-16-16z\"><\/path><\/svg>\t\t\t\t\t\t<\/span>\n\t\t\t\t\t\t\t\t\t\t<span class=\"elementor-icon-list-text\">Quality Certificates<\/span>\n\t\t\t\t\t\t\t\t\t\t\t<\/a>\n\t\t\t\t\t\t\t\t\t<\/li>\n\t\t\t\t\t\t<\/ul>\n\t\t\t\t\t\t<\/div>\n\t\t\t\t<\/div>\n\t\t\t\t\t<\/div>\n\t\t<\/div>\n\t\t\t\t\t<\/div>\n\t\t<\/section>\n\t\t\t\t\t<\/div>\n\t\t<\/div>\n\t\t\t\t\t<\/div>\n\t\t<\/section>\n\t\t\t\t<\/div>\n\t\t","protected":false},"excerpt":{"rendered":"<p>Corporate Quality and Environmental Policy Beonsan Quality and Environmental Policy Beonsan is a leading brand recognized for its commitment to quality and sustainability in the construction sector. Our understanding of quality prioritizes the highest standards and customer satisfaction at every stage of our products. At Beonsan, we are determined to develop eco-friendly practices and green [&hellip;]<\/p>\n","protected":false},"author":1,"featured_media":0,"parent":0,"menu_order":0,"comment_status":"closed","ping_status":"closed","template":"elementor_header_footer","meta":{"_vp_format_video_url":"","_vp_image_focal_point":[],"footnotes":""},"class_list":["post-5939","page","type-page","status-publish","hentry"],"yoast_head":"<!-- This site is optimized with the Yoast SEO plugin v27.4 - https:\/\/yoast.com\/product\/yoast-seo-wordpress\/ -->\n<title>Quality and Environmental Policy - Beonsan<\/title>\n<meta name=\"description\" content=\"Beonsan olarak, kalite ve \u00e7evre politikalar\u0131m\u0131z\u0131 i\u015f stratejimizin merkezine yerle\u015ftirerek d\u00fcnyam\u0131z i\u00e7in daha iyi bir gelecek in\u015fa etmeyi hedefliyoruz.\" \/>\n<meta name=\"robots\" content=\"index, follow, max-snippet:-1, max-image-preview:large, max-video-preview:-1\" \/>\n<link rel=\"canonical\" href=\"https:\/\/www.beonsan.com\/en\/quality-and-environmental-policy\/\" \/>\n<meta property=\"og:locale\" content=\"en_US\" \/>\n<meta property=\"og:type\" content=\"article\" \/>\n<meta property=\"og:title\" content=\"Quality and Environmental Policy - Beonsan\" \/>\n<meta property=\"og:description\" content=\"Beonsan olarak, kalite ve \u00e7evre politikalar\u0131m\u0131z\u0131 i\u015f stratejimizin merkezine yerle\u015ftirerek d\u00fcnyam\u0131z i\u00e7in daha iyi bir gelecek in\u015fa etmeyi hedefliyoruz.\" \/>\n<meta property=\"og:url\" content=\"https:\/\/www.beonsan.com\/en\/quality-and-environmental-policy\/\" \/>\n<meta property=\"og:site_name\" content=\"Beonsan\" \/>\n<meta property=\"article:modified_time\" content=\"2024-04-06T16:26:21+00:00\" \/>\n<meta name=\"twitter:card\" content=\"summary_large_image\" \/>\n<meta name=\"twitter:label1\" content=\"Est. reading time\" \/>\n\t<meta name=\"twitter:data1\" content=\"1 minute\" \/>\n<script type=\"application\/ld+json\" class=\"yoast-schema-graph\">{\"@context\":\"https:\\\/\\\/schema.org\",\"@graph\":[{\"@type\":\"WebPage\",\"@id\":\"https:\\\/\\\/www.beonsan.com\\\/en\\\/quality-and-environmental-policy\\\/\",\"url\":\"https:\\\/\\\/www.beonsan.com\\\/en\\\/quality-and-environmental-policy\\\/\",\"name\":\"Quality and Environmental Policy - Beonsan\",\"isPartOf\":{\"@id\":\"https:\\\/\\\/www.beonsan.com\\\/en\\\/#website\"},\"datePublished\":\"2024-02-25T16:26:56+00:00\",\"dateModified\":\"2024-04-06T16:26:21+00:00\",\"description\":\"Beonsan olarak, kalite ve \u00e7evre politikalar\u0131m\u0131z\u0131 i\u015f stratejimizin merkezine yerle\u015ftirerek d\u00fcnyam\u0131z i\u00e7in daha iyi bir gelecek in\u015fa etmeyi hedefliyoruz.\",\"inLanguage\":\"en-US\",\"potentialAction\":[{\"@type\":\"ReadAction\",\"target\":[\"https:\\\/\\\/www.beonsan.com\\\/en\\\/quality-and-environmental-policy\\\/\"]}]},{\"@type\":\"WebSite\",\"@id\":\"https:\\\/\\\/www.beonsan.com\\\/en\\\/#website\",\"url\":\"https:\\\/\\\/www.beonsan.com\\\/en\\\/\",\"name\":\"Beonsan\",\"description\":\"Binan\u0131z\u0131n \u015e\u0131k Mimarisi\",\"potentialAction\":[{\"@type\":\"SearchAction\",\"target\":{\"@type\":\"EntryPoint\",\"urlTemplate\":\"https:\\\/\\\/www.beonsan.com\\\/en\\\/?s={search_term_string}\"},\"query-input\":{\"@type\":\"PropertyValueSpecification\",\"valueRequired\":true,\"valueName\":\"search_term_string\"}}],\"inLanguage\":\"en-US\"}]}<\/script>\n<!-- \/ Yoast SEO plugin. -->","yoast_head_json":{"title":"Quality and Environmental Policy - Beonsan","description":"Beonsan olarak, kalite ve \u00e7evre politikalar\u0131m\u0131z\u0131 i\u015f stratejimizin merkezine yerle\u015ftirerek d\u00fcnyam\u0131z i\u00e7in daha iyi bir gelecek in\u015fa etmeyi hedefliyoruz.","robots":{"index":"index","follow":"follow","max-snippet":"max-snippet:-1","max-image-preview":"max-image-preview:large","max-video-preview":"max-video-preview:-1"},"canonical":"https:\/\/www.beonsan.com\/en\/quality-and-environmental-policy\/","og_locale":"en_US","og_type":"article","og_title":"Quality and Environmental Policy - Beonsan","og_description":"Beonsan olarak, kalite ve \u00e7evre politikalar\u0131m\u0131z\u0131 i\u015f stratejimizin merkezine yerle\u015ftirerek d\u00fcnyam\u0131z i\u00e7in daha iyi bir gelecek in\u015fa etmeyi hedefliyoruz.","og_url":"https:\/\/www.beonsan.com\/en\/quality-and-environmental-policy\/","og_site_name":"Beonsan","article_modified_time":"2024-04-06T16:26:21+00:00","twitter_card":"summary_large_image","twitter_misc":{"Est. reading time":"1 minute"},"schema":{"@context":"https:\/\/schema.org","@graph":[{"@type":"WebPage","@id":"https:\/\/www.beonsan.com\/en\/quality-and-environmental-policy\/","url":"https:\/\/www.beonsan.com\/en\/quality-and-environmental-policy\/","name":"Quality and Environmental Policy - Beonsan","isPartOf":{"@id":"https:\/\/www.beonsan.com\/en\/#website"},"datePublished":"2024-02-25T16:26:56+00:00","dateModified":"2024-04-06T16:26:21+00:00","description":"Beonsan olarak, kalite ve \u00e7evre politikalar\u0131m\u0131z\u0131 i\u015f stratejimizin merkezine yerle\u015ftirerek d\u00fcnyam\u0131z i\u00e7in daha iyi bir gelecek in\u015fa etmeyi hedefliyoruz.","inLanguage":"en-US","potentialAction":[{"@type":"ReadAction","target":["https:\/\/www.beonsan.com\/en\/quality-and-environmental-policy\/"]}]},{"@type":"WebSite","@id":"https:\/\/www.beonsan.com\/en\/#website","url":"https:\/\/www.beonsan.com\/en\/","name":"Beonsan","description":"Binan\u0131z\u0131n \u015e\u0131k Mimarisi","potentialAction":[{"@type":"SearchAction","target":{"@type":"EntryPoint","urlTemplate":"https:\/\/www.beonsan.com\/en\/?s={search_term_string}"},"query-input":{"@type":"PropertyValueSpecification","valueRequired":true,"valueName":"search_term_string"}}],"inLanguage":"en-US"}]}},"_links":{"self":[{"href":"https:\/\/www.beonsan.com\/en\/wp-json\/wp\/v2\/pages\/5939","targetHints":{"allow":["GET"]}}],"collection":[{"href":"https:\/\/www.beonsan.com\/en\/wp-json\/wp\/v2\/pages"}],"about":[{"href":"https:\/\/www.beonsan.com\/en\/wp-json\/wp\/v2\/types\/page"}],"author":[{"embeddable":true,"href":"https:\/\/www.beonsan.com\/en\/wp-json\/wp\/v2\/users\/1"}],"replies":[{"embeddable":true,"href":"https:\/\/www.beonsan.com\/en\/wp-json\/wp\/v2\/comments?post=5939"}],"version-history":[{"count":10,"href":"https:\/\/www.beonsan.com\/en\/wp-json\/wp\/v2\/pages\/5939\/revisions"}],"predecessor-version":[{"id":6574,"href":"https:\/\/www.beonsan.com\/en\/wp-json\/wp\/v2\/pages\/5939\/revisions\/6574"}],"wp:attachment":[{"href":"https:\/\/www.beonsan.com\/en\/wp-json\/wp\/v2\/media?parent=5939"}],"curies":[{"name":"wp","href":"https:\/\/api.w.org\/{rel}","templated":true}]}}