{"id":5954,"date":"2024-02-25T16:44:21","date_gmt":"2024-02-25T16:44:21","guid":{"rendered":"https:\/\/www.beonsan.com\/vizyonumuz\/"},"modified":"2024-04-06T16:28:02","modified_gmt":"2024-04-06T16:28:02","slug":"our-vision","status":"publish","type":"page","link":"https:\/\/www.beonsan.com\/en\/our-vision\/","title":{"rendered":"Our Vision"},"content":{"rendered":"\t\t<div data-elementor-type=\"wp-page\" data-elementor-id=\"5954\" class=\"elementor elementor-5954 elementor-165\" data-elementor-post-type=\"page\">\n\t\t\t\t\t\t<section class=\"elementor-section elementor-top-section elementor-element elementor-element-7d44b13 elementor-section-full_width elementor-section-height-default elementor-section-height-default\" data-id=\"7d44b13\" data-element_type=\"section\" data-settings=\"{&quot;background_background&quot;:&quot;classic&quot;}\">\n\t\t\t\t\t\t\t<div class=\"elementor-background-overlay\"><\/div>\n\t\t\t\t\t\t\t<div class=\"elementor-container elementor-column-gap-default\">\n\t\t\t\t\t<div class=\"elementor-column elementor-col-100 elementor-top-column elementor-element elementor-element-5f3d9e38\" data-id=\"5f3d9e38\" data-element_type=\"column\">\n\t\t\t<div class=\"elementor-widget-wrap elementor-element-populated\">\n\t\t\t\t\t\t<div class=\"elementor-element elementor-element-d93fd95 elementor-invisible elementor-widget elementor-widget-heading\" data-id=\"d93fd95\" data-element_type=\"widget\" data-settings=\"{&quot;_animation&quot;:&quot;fadeInLeft&quot;}\" data-widget_type=\"heading.default\">\n\t\t\t\t<div class=\"elementor-widget-container\">\n\t\t\t\t\t<p class=\"elementor-heading-title elementor-size-default\">Corporate<\/p>\t\t\t\t<\/div>\n\t\t\t\t<\/div>\n\t\t\t\t<div class=\"elementor-element elementor-element-6ec34d0f elementor-invisible elementor-widget elementor-widget-heading\" data-id=\"6ec34d0f\" data-element_type=\"widget\" data-settings=\"{&quot;_animation&quot;:&quot;fadeInDown&quot;}\" data-widget_type=\"heading.default\">\n\t\t\t\t<div class=\"elementor-widget-container\">\n\t\t\t\t\t<h1 class=\"elementor-heading-title elementor-size-default\">Our Vision<\/h1>\t\t\t\t<\/div>\n\t\t\t\t<\/div>\n\t\t\t\t\t<\/div>\n\t\t<\/div>\n\t\t\t\t\t<\/div>\n\t\t<\/section>\n\t\t\t\t<section class=\"elementor-section elementor-top-section elementor-element elementor-element-6de1b9ab elementor-section-boxed elementor-section-height-default elementor-section-height-default\" data-id=\"6de1b9ab\" data-element_type=\"section\" data-settings=\"{&quot;background_background&quot;:&quot;classic&quot;}\">\n\t\t\t\t\t\t<div class=\"elementor-container elementor-column-gap-default\">\n\t\t\t\t\t<div class=\"elementor-column elementor-col-66 elementor-top-column elementor-element elementor-element-7652a834\" data-id=\"7652a834\" data-element_type=\"column\" data-settings=\"{&quot;background_background&quot;:&quot;classic&quot;}\">\n\t\t\t<div class=\"elementor-widget-wrap elementor-element-populated\">\n\t\t\t\t\t\t<div class=\"elementor-element elementor-element-2c6a400a elementor-widget elementor-widget-text-editor\" data-id=\"2c6a400a\" data-element_type=\"widget\" data-widget_type=\"text-editor.default\">\n\t\t\t\t<div class=\"elementor-widget-container\">\n\t\t\t\t\t\t\t\t\t<p><span style=\"font-weight: 400;\">As a global leader offering innovative and sustainable solutions in the construction sector, Beonsan has a vision to shape the future of the industry. Our goal is to develop projects that enhance the quality of life for people around the world by achieving the perfect harmony between technology and design.<\/span><\/p><h2><b>Technological Innovation<\/b><\/h2><p><span style=\"font-weight: 400;\">At Beonsan, we closely monitor the ever-evolving technology landscape and integrate these innovations into our products and services. Our aim is to lead the future of the construction sector by offering the most advanced and effective solutions. With our innovative products and services, we aspire to make construction processes more efficient, safe, and environmentally friendly.<\/span><\/p><h2><b>Sustainable Solutions<\/b><\/h2><p><span style=\"font-weight: 400;\">Our vision extends beyond the present to consider the world of tomorrow. Sustainability is a fundamental principle in all of Beonsan&#8217;s business processes and projects. Reducing our environmental impact, conserving natural resources, and promoting green building practices are among our strategic objectives.<\/span><\/p><h2><b>Global Impact and Accessibility<\/b><\/h2><p><span style=\"font-weight: 400;\">Beonsan is on the path to becoming a globally recognized brand. We aim to be recognized in local and global markets for our quality and innovative approach, aiming to become a reference point in the industry. By offering accessible and effective solutions worldwide, we strive to serve a wide range of customers.<\/span><\/p><p><span style=\"font-weight: 400;\">With nearly 15 years of accumulated experience, Beonsan plays a leading role in the precast sector. With innovative technologies and an experienced team, Beonsan provides high-quality, detail-oriented solutions to its customers, reinforcing its leadership position in the industry through its continuously evolving success and customer-focused approach. By prioritizing customer satisfaction, Beonsan has established itself as a reliable and preferred brand in the precast sector.<\/span><\/p>\t\t\t\t\t\t\t\t<\/div>\n\t\t\t\t<\/div>\n\t\t\t\t\t<\/div>\n\t\t<\/div>\n\t\t\t\t<div class=\"elementor-column elementor-col-33 elementor-top-column elementor-element elementor-element-561cb41\" data-id=\"561cb41\" data-element_type=\"column\">\n\t\t\t<div class=\"elementor-widget-wrap elementor-element-populated\">\n\t\t\t\t\t\t<section class=\"elementor-section elementor-inner-section elementor-element elementor-element-d55372a elementor-section-boxed elementor-section-height-default elementor-section-height-default\" data-id=\"d55372a\" data-element_type=\"section\">\n\t\t\t\t\t\t<div class=\"elementor-container elementor-column-gap-default\">\n\t\t\t\t\t<div class=\"elementor-column elementor-col-100 elementor-inner-column elementor-element elementor-element-7eba1693\" data-id=\"7eba1693\" data-element_type=\"column\" data-settings=\"{&quot;background_background&quot;:&quot;classic&quot;}\">\n\t\t\t<div class=\"elementor-widget-wrap elementor-element-populated\">\n\t\t\t\t\t<div class=\"elementor-background-overlay\"><\/div>\n\t\t\t\t\t\t<div class=\"elementor-element elementor-element-1a60a8f9 elementor-widget elementor-widget-heading\" data-id=\"1a60a8f9\" data-element_type=\"widget\" data-widget_type=\"heading.default\">\n\t\t\t\t<div class=\"elementor-widget-container\">\n\t\t\t\t\t<h2 class=\"elementor-heading-title elementor-size-default\">Catalog<\/h2>\t\t\t\t<\/div>\n\t\t\t\t<\/div>\n\t\t\t\t<div class=\"elementor-element elementor-element-56f2ef4d elementor-widget elementor-widget-text-editor\" data-id=\"56f2ef4d\" data-element_type=\"widget\" data-widget_type=\"text-editor.default\">\n\t\t\t\t<div class=\"elementor-widget-container\">\n\t\t\t\t\t\t\t\t\t<p>You can access our catalog below.<\/p>\t\t\t\t\t\t\t\t<\/div>\n\t\t\t\t<\/div>\n\t\t\t\t<div class=\"elementor-element elementor-element-76954e7e elementor-widget__width-auto elementor-widget elementor-widget-button\" data-id=\"76954e7e\" data-element_type=\"widget\" data-widget_type=\"button.default\">\n\t\t\t\t<div class=\"elementor-widget-container\">\n\t\t\t\t\t\t\t\t\t<div class=\"elementor-button-wrapper\">\n\t\t\t\t\t<a class=\"elementor-button elementor-button-link elementor-size-sm\" href=\"https:\/\/www.beonsan.com\/wp-content\/uploads\/2024\/03\/beonsan-katalog.pdf\">\n\t\t\t\t\t\t<span class=\"elementor-button-content-wrapper\">\n\t\t\t\t\t\t\t\t\t<span class=\"elementor-button-text\">Download Catalog<\/span>\n\t\t\t\t\t<\/span>\n\t\t\t\t\t<\/a>\n\t\t\t\t<\/div>\n\t\t\t\t\t\t\t\t<\/div>\n\t\t\t\t<\/div>\n\t\t\t\t\t<\/div>\n\t\t<\/div>\n\t\t\t\t\t<\/div>\n\t\t<\/section>\n\t\t\t\t<section class=\"elementor-section elementor-inner-section elementor-element elementor-element-173af809 elementor-section-boxed elementor-section-height-default elementor-section-height-default elementor-invisible\" data-id=\"173af809\" data-element_type=\"section\" data-settings=\"{&quot;animation&quot;:&quot;fadeInUp&quot;}\">\n\t\t\t\t\t\t<div class=\"elementor-container elementor-column-gap-default\">\n\t\t\t\t\t<div class=\"elementor-column elementor-col-100 elementor-inner-column elementor-element elementor-element-23cb2918\" data-id=\"23cb2918\" data-element_type=\"column\" data-settings=\"{&quot;background_background&quot;:&quot;classic&quot;}\">\n\t\t\t<div class=\"elementor-widget-wrap elementor-element-populated\">\n\t\t\t\t\t\t<div class=\"elementor-element elementor-element-66059339 elementor-widget elementor-widget-heading\" data-id=\"66059339\" data-element_type=\"widget\" data-widget_type=\"heading.default\">\n\t\t\t\t<div class=\"elementor-widget-container\">\n\t\t\t\t\t<h2 class=\"elementor-heading-title elementor-size-default\">Quick Menu<\/h2>\t\t\t\t<\/div>\n\t\t\t\t<\/div>\n\t\t\t\t<div class=\"elementor-element elementor-element-51155474 elementor-icon-list--layout-traditional elementor-list-item-link-full_width elementor-widget elementor-widget-icon-list\" data-id=\"51155474\" data-element_type=\"widget\" data-widget_type=\"icon-list.default\">\n\t\t\t\t<div class=\"elementor-widget-container\">\n\t\t\t\t\t\t\t<ul class=\"elementor-icon-list-items\">\n\t\t\t\t\t\t\t<li class=\"elementor-icon-list-item\">\n\t\t\t\t\t\t\t\t\t\t\t<a href=\"https:\/\/www.beonsan.com\/en\/quality-and-environmental-policy\/\">\n\n\t\t\t\t\t\t\t\t\t\t\t\t<span class=\"elementor-icon-list-icon\">\n\t\t\t\t\t\t\t<svg aria-hidden=\"true\" class=\"e-font-icon-svg e-fas-grip-lines\" viewBox=\"0 0 512 512\" xmlns=\"http:\/\/www.w3.org\/2000\/svg\"><path d=\"M496 288H16c-8.8 0-16 7.2-16 16v32c0 8.8 7.2 16 16 16h480c8.8 0 16-7.2 16-16v-32c0-8.8-7.2-16-16-16zm0-128H16c-8.8 0-16 7.2-16 16v32c0 8.8 7.2 16 16 16h480c8.8 0 16-7.2 16-16v-32c0-8.8-7.2-16-16-16z\"><\/path><\/svg>\t\t\t\t\t\t<\/span>\n\t\t\t\t\t\t\t\t\t\t<span class=\"elementor-icon-list-text\">Our Quality and Environmental Policy<\/span>\n\t\t\t\t\t\t\t\t\t\t\t<\/a>\n\t\t\t\t\t\t\t\t\t<\/li>\n\t\t\t\t\t\t\t\t<li class=\"elementor-icon-list-item\">\n\t\t\t\t\t\t\t\t\t\t\t<a href=\"https:\/\/www.beonsan.com\/en\/our-mission\/\">\n\n\t\t\t\t\t\t\t\t\t\t\t\t<span class=\"elementor-icon-list-icon\">\n\t\t\t\t\t\t\t<svg aria-hidden=\"true\" class=\"e-font-icon-svg e-fas-grip-lines\" viewBox=\"0 0 512 512\" xmlns=\"http:\/\/www.w3.org\/2000\/svg\"><path d=\"M496 288H16c-8.8 0-16 7.2-16 16v32c0 8.8 7.2 16 16 16h480c8.8 0 16-7.2 16-16v-32c0-8.8-7.2-16-16-16zm0-128H16c-8.8 0-16 7.2-16 16v32c0 8.8 7.2 16 16 16h480c8.8 0 16-7.2 16-16v-32c0-8.8-7.2-16-16-16z\"><\/path><\/svg>\t\t\t\t\t\t<\/span>\n\t\t\t\t\t\t\t\t\t\t<span class=\"elementor-icon-list-text\">Our Mission<\/span>\n\t\t\t\t\t\t\t\t\t\t\t<\/a>\n\t\t\t\t\t\t\t\t\t<\/li>\n\t\t\t\t\t\t\t\t<li class=\"elementor-icon-list-item\">\n\t\t\t\t\t\t\t\t\t\t\t<a href=\"https:\/\/www.beonsan.com\/en\/our-vision\/\">\n\n\t\t\t\t\t\t\t\t\t\t\t\t<span class=\"elementor-icon-list-icon\">\n\t\t\t\t\t\t\t<svg aria-hidden=\"true\" class=\"e-font-icon-svg e-fas-grip-lines\" viewBox=\"0 0 512 512\" xmlns=\"http:\/\/www.w3.org\/2000\/svg\"><path d=\"M496 288H16c-8.8 0-16 7.2-16 16v32c0 8.8 7.2 16 16 16h480c8.8 0 16-7.2 16-16v-32c0-8.8-7.2-16-16-16zm0-128H16c-8.8 0-16 7.2-16 16v32c0 8.8 7.2 16 16 16h480c8.8 0 16-7.2 16-16v-32c0-8.8-7.2-16-16-16z\"><\/path><\/svg>\t\t\t\t\t\t<\/span>\n\t\t\t\t\t\t\t\t\t\t<span class=\"elementor-icon-list-text\">Our Vision<\/span>\n\t\t\t\t\t\t\t\t\t\t\t<\/a>\n\t\t\t\t\t\t\t\t\t<\/li>\n\t\t\t\t\t\t\t\t<li class=\"elementor-icon-list-item\">\n\t\t\t\t\t\t\t\t\t\t\t<a href=\"https:\/\/www.beonsan.com\/en\/quality-certificates\/\">\n\n\t\t\t\t\t\t\t\t\t\t\t\t<span class=\"elementor-icon-list-icon\">\n\t\t\t\t\t\t\t<svg aria-hidden=\"true\" class=\"e-font-icon-svg e-fas-grip-lines\" viewBox=\"0 0 512 512\" xmlns=\"http:\/\/www.w3.org\/2000\/svg\"><path d=\"M496 288H16c-8.8 0-16 7.2-16 16v32c0 8.8 7.2 16 16 16h480c8.8 0 16-7.2 16-16v-32c0-8.8-7.2-16-16-16zm0-128H16c-8.8 0-16 7.2-16 16v32c0 8.8 7.2 16 16 16h480c8.8 0 16-7.2 16-16v-32c0-8.8-7.2-16-16-16z\"><\/path><\/svg>\t\t\t\t\t\t<\/span>\n\t\t\t\t\t\t\t\t\t\t<span class=\"elementor-icon-list-text\">Quality Certificates<\/span>\n\t\t\t\t\t\t\t\t\t\t\t<\/a>\n\t\t\t\t\t\t\t\t\t<\/li>\n\t\t\t\t\t\t<\/ul>\n\t\t\t\t\t\t<\/div>\n\t\t\t\t<\/div>\n\t\t\t\t\t<\/div>\n\t\t<\/div>\n\t\t\t\t\t<\/div>\n\t\t<\/section>\n\t\t\t\t\t<\/div>\n\t\t<\/div>\n\t\t\t\t\t<\/div>\n\t\t<\/section>\n\t\t\t\t<\/div>\n\t\t","protected":false},"excerpt":{"rendered":"<p>Corporate Our Vision As a global leader offering innovative and sustainable solutions in the construction sector, Beonsan has a vision to shape the future of the industry. Our goal is to develop projects that enhance the quality of life for people around the world by achieving the perfect harmony between technology and design. Technological Innovation [&hellip;]<\/p>\n","protected":false},"author":1,"featured_media":0,"parent":0,"menu_order":0,"comment_status":"closed","ping_status":"closed","template":"elementor_header_footer","meta":{"_vp_format_video_url":"","_vp_image_focal_point":[],"footnotes":""},"class_list":["post-5954","page","type-page","status-publish","hentry"],"yoast_head":"<!-- This site is optimized with the Yoast SEO plugin v27.4 - https:\/\/yoast.com\/product\/yoast-seo-wordpress\/ -->\n<title>Our Vision - Beonsan<\/title>\n<meta name=\"description\" content=\"Beonsan\u00ae\ufe0f, yap\u0131 sekt\u00f6r\u00fcnde yenilik\u00e7i ve s\u00fcrd\u00fcr\u00fclebilir \u00e7\u00f6z\u00fcmler sunan global bir lider olarak, sekt\u00f6r\u00fcn gelece\u011fini \u015fekillendirme vizyonuna sahiptir.\" \/>\n<meta name=\"robots\" content=\"index, follow, max-snippet:-1, max-image-preview:large, max-video-preview:-1\" \/>\n<link rel=\"canonical\" href=\"https:\/\/www.beonsan.com\/en\/our-vision\/\" \/>\n<meta property=\"og:locale\" content=\"en_US\" \/>\n<meta property=\"og:type\" content=\"article\" \/>\n<meta property=\"og:title\" content=\"Our Vision - Beonsan\" \/>\n<meta property=\"og:description\" content=\"Beonsan\u00ae\ufe0f, yap\u0131 sekt\u00f6r\u00fcnde yenilik\u00e7i ve s\u00fcrd\u00fcr\u00fclebilir \u00e7\u00f6z\u00fcmler sunan global bir lider olarak, sekt\u00f6r\u00fcn gelece\u011fini \u015fekillendirme vizyonuna sahiptir.\" \/>\n<meta property=\"og:url\" content=\"https:\/\/www.beonsan.com\/en\/our-vision\/\" \/>\n<meta property=\"og:site_name\" content=\"Beonsan\" \/>\n<meta property=\"article:modified_time\" content=\"2024-04-06T16:28:02+00:00\" \/>\n<meta name=\"twitter:card\" content=\"summary_large_image\" \/>\n<meta name=\"twitter:label1\" content=\"Est. reading time\" \/>\n\t<meta name=\"twitter:data1\" content=\"1 minute\" \/>\n<script type=\"application\/ld+json\" class=\"yoast-schema-graph\">{\"@context\":\"https:\\\/\\\/schema.org\",\"@graph\":[{\"@type\":\"WebPage\",\"@id\":\"https:\\\/\\\/www.beonsan.com\\\/en\\\/our-vision\\\/\",\"url\":\"https:\\\/\\\/www.beonsan.com\\\/en\\\/our-vision\\\/\",\"name\":\"Our Vision - Beonsan\",\"isPartOf\":{\"@id\":\"https:\\\/\\\/www.beonsan.com\\\/en\\\/#website\"},\"datePublished\":\"2024-02-25T16:44:21+00:00\",\"dateModified\":\"2024-04-06T16:28:02+00:00\",\"description\":\"Beonsan\u00ae\ufe0f, yap\u0131 sekt\u00f6r\u00fcnde yenilik\u00e7i ve s\u00fcrd\u00fcr\u00fclebilir \u00e7\u00f6z\u00fcmler sunan global bir lider olarak, sekt\u00f6r\u00fcn gelece\u011fini \u015fekillendirme vizyonuna sahiptir.\",\"inLanguage\":\"en-US\",\"potentialAction\":[{\"@type\":\"ReadAction\",\"target\":[\"https:\\\/\\\/www.beonsan.com\\\/en\\\/our-vision\\\/\"]}]},{\"@type\":\"WebSite\",\"@id\":\"https:\\\/\\\/www.beonsan.com\\\/en\\\/#website\",\"url\":\"https:\\\/\\\/www.beonsan.com\\\/en\\\/\",\"name\":\"Beonsan\",\"description\":\"Binan\u0131z\u0131n \u015e\u0131k Mimarisi\",\"potentialAction\":[{\"@type\":\"SearchAction\",\"target\":{\"@type\":\"EntryPoint\",\"urlTemplate\":\"https:\\\/\\\/www.beonsan.com\\\/en\\\/?s={search_term_string}\"},\"query-input\":{\"@type\":\"PropertyValueSpecification\",\"valueRequired\":true,\"valueName\":\"search_term_string\"}}],\"inLanguage\":\"en-US\"}]}<\/script>\n<!-- \/ Yoast SEO plugin. -->","yoast_head_json":{"title":"Our Vision - Beonsan","description":"Beonsan\u00ae\ufe0f, yap\u0131 sekt\u00f6r\u00fcnde yenilik\u00e7i ve s\u00fcrd\u00fcr\u00fclebilir \u00e7\u00f6z\u00fcmler sunan global bir lider olarak, sekt\u00f6r\u00fcn gelece\u011fini \u015fekillendirme vizyonuna sahiptir.","robots":{"index":"index","follow":"follow","max-snippet":"max-snippet:-1","max-image-preview":"max-image-preview:large","max-video-preview":"max-video-preview:-1"},"canonical":"https:\/\/www.beonsan.com\/en\/our-vision\/","og_locale":"en_US","og_type":"article","og_title":"Our Vision - Beonsan","og_description":"Beonsan\u00ae\ufe0f, yap\u0131 sekt\u00f6r\u00fcnde yenilik\u00e7i ve s\u00fcrd\u00fcr\u00fclebilir \u00e7\u00f6z\u00fcmler sunan global bir lider olarak, sekt\u00f6r\u00fcn gelece\u011fini \u015fekillendirme vizyonuna sahiptir.","og_url":"https:\/\/www.beonsan.com\/en\/our-vision\/","og_site_name":"Beonsan","article_modified_time":"2024-04-06T16:28:02+00:00","twitter_card":"summary_large_image","twitter_misc":{"Est. reading time":"1 minute"},"schema":{"@context":"https:\/\/schema.org","@graph":[{"@type":"WebPage","@id":"https:\/\/www.beonsan.com\/en\/our-vision\/","url":"https:\/\/www.beonsan.com\/en\/our-vision\/","name":"Our Vision - Beonsan","isPartOf":{"@id":"https:\/\/www.beonsan.com\/en\/#website"},"datePublished":"2024-02-25T16:44:21+00:00","dateModified":"2024-04-06T16:28:02+00:00","description":"Beonsan\u00ae\ufe0f, yap\u0131 sekt\u00f6r\u00fcnde yenilik\u00e7i ve s\u00fcrd\u00fcr\u00fclebilir \u00e7\u00f6z\u00fcmler sunan global bir lider olarak, sekt\u00f6r\u00fcn gelece\u011fini \u015fekillendirme vizyonuna sahiptir.","inLanguage":"en-US","potentialAction":[{"@type":"ReadAction","target":["https:\/\/www.beonsan.com\/en\/our-vision\/"]}]},{"@type":"WebSite","@id":"https:\/\/www.beonsan.com\/en\/#website","url":"https:\/\/www.beonsan.com\/en\/","name":"Beonsan","description":"Binan\u0131z\u0131n \u015e\u0131k Mimarisi","potentialAction":[{"@type":"SearchAction","target":{"@type":"EntryPoint","urlTemplate":"https:\/\/www.beonsan.com\/en\/?s={search_term_string}"},"query-input":{"@type":"PropertyValueSpecification","valueRequired":true,"valueName":"search_term_string"}}],"inLanguage":"en-US"}]}},"_links":{"self":[{"href":"https:\/\/www.beonsan.com\/en\/wp-json\/wp\/v2\/pages\/5954","targetHints":{"allow":["GET"]}}],"collection":[{"href":"https:\/\/www.beonsan.com\/en\/wp-json\/wp\/v2\/pages"}],"about":[{"href":"https:\/\/www.beonsan.com\/en\/wp-json\/wp\/v2\/types\/page"}],"author":[{"embeddable":true,"href":"https:\/\/www.beonsan.com\/en\/wp-json\/wp\/v2\/users\/1"}],"replies":[{"embeddable":true,"href":"https:\/\/www.beonsan.com\/en\/wp-json\/wp\/v2\/comments?post=5954"}],"version-history":[{"count":7,"href":"https:\/\/www.beonsan.com\/en\/wp-json\/wp\/v2\/pages\/5954\/revisions"}],"predecessor-version":[{"id":6580,"href":"https:\/\/www.beonsan.com\/en\/wp-json\/wp\/v2\/pages\/5954\/revisions\/6580"}],"wp:attachment":[{"href":"https:\/\/www.beonsan.com\/en\/wp-json\/wp\/v2\/media?parent=5954"}],"curies":[{"name":"wp","href":"https:\/\/api.w.org\/{rel}","templated":true}]}}