{"id":5959,"date":"2024-02-25T16:44:41","date_gmt":"2024-02-25T16:44:41","guid":{"rendered":"https:\/\/www.beonsan.com\/kalite-belgelerimiz\/"},"modified":"2024-04-02T21:06:15","modified_gmt":"2024-04-02T21:06:15","slug":"quality-certificates","status":"publish","type":"page","link":"https:\/\/www.beonsan.com\/en\/quality-certificates\/","title":{"rendered":"Quality Certificates"},"content":{"rendered":"\t\t<div data-elementor-type=\"wp-page\" data-elementor-id=\"5959\" class=\"elementor elementor-5959 elementor-167\" data-elementor-post-type=\"page\">\n\t\t\t\t\t\t<section class=\"elementor-section elementor-top-section elementor-element elementor-element-4edc8a35 elementor-section-full_width elementor-section-height-default elementor-section-height-default\" data-id=\"4edc8a35\" data-element_type=\"section\" data-settings=\"{&quot;background_background&quot;:&quot;classic&quot;}\">\n\t\t\t\t\t\t\t<div class=\"elementor-background-overlay\"><\/div>\n\t\t\t\t\t\t\t<div class=\"elementor-container elementor-column-gap-default\">\n\t\t\t\t\t<div class=\"elementor-column elementor-col-100 elementor-top-column elementor-element elementor-element-2cfaf988\" data-id=\"2cfaf988\" data-element_type=\"column\">\n\t\t\t<div class=\"elementor-widget-wrap elementor-element-populated\">\n\t\t\t\t\t\t<div class=\"elementor-element elementor-element-5391890f elementor-invisible elementor-widget elementor-widget-heading\" data-id=\"5391890f\" data-element_type=\"widget\" data-settings=\"{&quot;_animation&quot;:&quot;fadeInLeft&quot;}\" data-widget_type=\"heading.default\">\n\t\t\t\t<div class=\"elementor-widget-container\">\n\t\t\t\t\t<p class=\"elementor-heading-title elementor-size-default\">Corporate<\/p>\t\t\t\t<\/div>\n\t\t\t\t<\/div>\n\t\t\t\t<div class=\"elementor-element elementor-element-10be74a6 elementor-invisible elementor-widget elementor-widget-heading\" data-id=\"10be74a6\" data-element_type=\"widget\" data-settings=\"{&quot;_animation&quot;:&quot;fadeInDown&quot;}\" data-widget_type=\"heading.default\">\n\t\t\t\t<div class=\"elementor-widget-container\">\n\t\t\t\t\t<h1 class=\"elementor-heading-title elementor-size-default\">Quality Certificates<\/h1>\t\t\t\t<\/div>\n\t\t\t\t<\/div>\n\t\t\t\t\t<\/div>\n\t\t<\/div>\n\t\t\t\t\t<\/div>\n\t\t<\/section>\n\t\t\t\t<section class=\"elementor-section elementor-top-section elementor-element elementor-element-4bcbb63 elementor-section-boxed elementor-section-height-default elementor-section-height-default\" data-id=\"4bcbb63\" data-element_type=\"section\" data-settings=\"{&quot;background_background&quot;:&quot;classic&quot;}\">\n\t\t\t\t\t\t<div class=\"elementor-container elementor-column-gap-default\">\n\t\t\t\t\t<div class=\"elementor-column elementor-col-33 elementor-top-column elementor-element elementor-element-7dcbe3e7\" data-id=\"7dcbe3e7\" data-element_type=\"column\">\n\t\t\t<div class=\"elementor-widget-wrap elementor-element-populated\">\n\t\t\t\t\t\t<div class=\"elementor-element elementor-element-9881f9e elementor-widget elementor-widget-image\" data-id=\"9881f9e\" data-element_type=\"widget\" data-widget_type=\"image.default\">\n\t\t\t\t<div class=\"elementor-widget-container\">\n\t\t\t\t\t\t\t\t\t\t\t\t\t\t\t<img fetchpriority=\"high\" decoding=\"async\" width=\"1000\" height=\"1410\" src=\"https:\/\/www.beonsan.com\/wp-content\/uploads\/2024\/03\/TSE-BELGESI_page-0001-1-1.jpg\" class=\"attachment-full size-full wp-image-5934\" alt=\"\" srcset=\"https:\/\/www.beonsan.com\/wp-content\/uploads\/2024\/03\/TSE-BELGESI_page-0001-1-1.jpg 1000w, https:\/\/www.beonsan.com\/wp-content\/uploads\/2024\/03\/TSE-BELGESI_page-0001-1-1-213x300.jpg 213w, https:\/\/www.beonsan.com\/wp-content\/uploads\/2024\/03\/TSE-BELGESI_page-0001-1-1-726x1024.jpg 726w, https:\/\/www.beonsan.com\/wp-content\/uploads\/2024\/03\/TSE-BELGESI_page-0001-1-1-768x1083.jpg 768w, https:\/\/www.beonsan.com\/wp-content\/uploads\/2024\/03\/TSE-BELGESI_page-0001-1-1-500x705.jpg 500w, https:\/\/www.beonsan.com\/wp-content\/uploads\/2024\/03\/TSE-BELGESI_page-0001-1-1-800x1128.jpg 800w, https:\/\/www.beonsan.com\/wp-content\/uploads\/2024\/03\/TSE-BELGESI_page-0001-1-1-426x600.jpg 426w, https:\/\/www.beonsan.com\/wp-content\/uploads\/2024\/03\/TSE-BELGESI_page-0001-1-1-397x560.jpg 397w\" sizes=\"(max-width: 1000px) 100vw, 1000px\" \/>\t\t\t\t\t\t\t\t\t\t\t\t\t\t\t<\/div>\n\t\t\t\t<\/div>\n\t\t\t\t<div class=\"elementor-element elementor-element-20380ca elementor-widget elementor-widget-image\" data-id=\"20380ca\" data-element_type=\"widget\" data-widget_type=\"image.default\">\n\t\t\t\t<div class=\"elementor-widget-container\">\n\t\t\t\t\t\t\t\t\t\t\t\t\t\t\t<img decoding=\"async\" width=\"1000\" height=\"1411\" src=\"https:\/\/www.beonsan.com\/wp-content\/uploads\/2024\/03\/ISO-14001_page-0001-1-1.jpg\" class=\"attachment-full size-full wp-image-5937\" alt=\"\" srcset=\"https:\/\/www.beonsan.com\/wp-content\/uploads\/2024\/03\/ISO-14001_page-0001-1-1.jpg 1000w, https:\/\/www.beonsan.com\/wp-content\/uploads\/2024\/03\/ISO-14001_page-0001-1-1-213x300.jpg 213w, https:\/\/www.beonsan.com\/wp-content\/uploads\/2024\/03\/ISO-14001_page-0001-1-1-726x1024.jpg 726w, https:\/\/www.beonsan.com\/wp-content\/uploads\/2024\/03\/ISO-14001_page-0001-1-1-768x1084.jpg 768w, https:\/\/www.beonsan.com\/wp-content\/uploads\/2024\/03\/ISO-14001_page-0001-1-1-500x706.jpg 500w, https:\/\/www.beonsan.com\/wp-content\/uploads\/2024\/03\/ISO-14001_page-0001-1-1-800x1129.jpg 800w, https:\/\/www.beonsan.com\/wp-content\/uploads\/2024\/03\/ISO-14001_page-0001-1-1-425x600.jpg 425w, https:\/\/www.beonsan.com\/wp-content\/uploads\/2024\/03\/ISO-14001_page-0001-1-1-397x560.jpg 397w\" sizes=\"(max-width: 1000px) 100vw, 1000px\" \/>\t\t\t\t\t\t\t\t\t\t\t\t\t\t\t<\/div>\n\t\t\t\t<\/div>\n\t\t\t\t\t<\/div>\n\t\t<\/div>\n\t\t\t\t<div class=\"elementor-column elementor-col-33 elementor-top-column elementor-element elementor-element-4ce1d8b\" data-id=\"4ce1d8b\" data-element_type=\"column\">\n\t\t\t<div class=\"elementor-widget-wrap elementor-element-populated\">\n\t\t\t\t\t\t<div class=\"elementor-element elementor-element-27303c1 elementor-widget elementor-widget-image\" data-id=\"27303c1\" data-element_type=\"widget\" data-widget_type=\"image.default\">\n\t\t\t\t<div class=\"elementor-widget-container\">\n\t\t\t\t\t\t\t\t\t\t\t\t\t\t\t<img decoding=\"async\" width=\"1000\" height=\"1412\" src=\"https:\/\/www.beonsan.com\/wp-content\/uploads\/2024\/03\/C-E-BELGESI_page-0001-1-1.jpg\" class=\"attachment-full size-full wp-image-5935\" alt=\"\" srcset=\"https:\/\/www.beonsan.com\/wp-content\/uploads\/2024\/03\/C-E-BELGESI_page-0001-1-1.jpg 1000w, https:\/\/www.beonsan.com\/wp-content\/uploads\/2024\/03\/C-E-BELGESI_page-0001-1-1-212x300.jpg 212w, https:\/\/www.beonsan.com\/wp-content\/uploads\/2024\/03\/C-E-BELGESI_page-0001-1-1-725x1024.jpg 725w, https:\/\/www.beonsan.com\/wp-content\/uploads\/2024\/03\/C-E-BELGESI_page-0001-1-1-768x1084.jpg 768w, https:\/\/www.beonsan.com\/wp-content\/uploads\/2024\/03\/C-E-BELGESI_page-0001-1-1-500x706.jpg 500w, https:\/\/www.beonsan.com\/wp-content\/uploads\/2024\/03\/C-E-BELGESI_page-0001-1-1-800x1130.jpg 800w, https:\/\/www.beonsan.com\/wp-content\/uploads\/2024\/03\/C-E-BELGESI_page-0001-1-1-425x600.jpg 425w, https:\/\/www.beonsan.com\/wp-content\/uploads\/2024\/03\/C-E-BELGESI_page-0001-1-1-397x560.jpg 397w\" sizes=\"(max-width: 1000px) 100vw, 1000px\" \/>\t\t\t\t\t\t\t\t\t\t\t\t\t\t\t<\/div>\n\t\t\t\t<\/div>\n\t\t\t\t<div class=\"elementor-element elementor-element-aed1385 elementor-widget elementor-widget-image\" data-id=\"aed1385\" data-element_type=\"widget\" data-widget_type=\"image.default\">\n\t\t\t\t<div class=\"elementor-widget-container\">\n\t\t\t\t\t\t\t\t\t\t\t\t\t\t\t<img loading=\"lazy\" decoding=\"async\" width=\"1000\" height=\"1294\" src=\"https:\/\/www.beonsan.com\/wp-content\/uploads\/2024\/03\/ISO-45001-1-1.jpg\" class=\"attachment-full size-full wp-image-5938\" alt=\"\" srcset=\"https:\/\/www.beonsan.com\/wp-content\/uploads\/2024\/03\/ISO-45001-1-1.jpg 1000w, https:\/\/www.beonsan.com\/wp-content\/uploads\/2024\/03\/ISO-45001-1-1-232x300.jpg 232w, https:\/\/www.beonsan.com\/wp-content\/uploads\/2024\/03\/ISO-45001-1-1-791x1024.jpg 791w, https:\/\/www.beonsan.com\/wp-content\/uploads\/2024\/03\/ISO-45001-1-1-768x994.jpg 768w, https:\/\/www.beonsan.com\/wp-content\/uploads\/2024\/03\/ISO-45001-1-1-500x647.jpg 500w, https:\/\/www.beonsan.com\/wp-content\/uploads\/2024\/03\/ISO-45001-1-1-800x1035.jpg 800w, https:\/\/www.beonsan.com\/wp-content\/uploads\/2024\/03\/ISO-45001-1-1-464x600.jpg 464w, https:\/\/www.beonsan.com\/wp-content\/uploads\/2024\/03\/ISO-45001-1-1-433x560.jpg 433w\" sizes=\"(max-width: 1000px) 100vw, 1000px\" \/>\t\t\t\t\t\t\t\t\t\t\t\t\t\t\t<\/div>\n\t\t\t\t<\/div>\n\t\t\t\t\t<\/div>\n\t\t<\/div>\n\t\t\t\t<div class=\"elementor-column elementor-col-33 elementor-top-column elementor-element elementor-element-249ecb3\" data-id=\"249ecb3\" data-element_type=\"column\">\n\t\t\t<div class=\"elementor-widget-wrap elementor-element-populated\">\n\t\t\t\t\t\t<div class=\"elementor-element elementor-element-7362f0e elementor-widget elementor-widget-image\" data-id=\"7362f0e\" data-element_type=\"widget\" data-widget_type=\"image.default\">\n\t\t\t\t<div class=\"elementor-widget-container\">\n\t\t\t\t\t\t\t\t\t\t\t\t\t\t\t<img loading=\"lazy\" decoding=\"async\" width=\"1000\" height=\"1411\" src=\"https:\/\/www.beonsan.com\/wp-content\/uploads\/2024\/03\/ISO-9001_page-0001-1-1.jpg\" class=\"attachment-full size-full wp-image-5936\" alt=\"\" srcset=\"https:\/\/www.beonsan.com\/wp-content\/uploads\/2024\/03\/ISO-9001_page-0001-1-1.jpg 1000w, https:\/\/www.beonsan.com\/wp-content\/uploads\/2024\/03\/ISO-9001_page-0001-1-1-213x300.jpg 213w, https:\/\/www.beonsan.com\/wp-content\/uploads\/2024\/03\/ISO-9001_page-0001-1-1-726x1024.jpg 726w, https:\/\/www.beonsan.com\/wp-content\/uploads\/2024\/03\/ISO-9001_page-0001-1-1-768x1084.jpg 768w, https:\/\/www.beonsan.com\/wp-content\/uploads\/2024\/03\/ISO-9001_page-0001-1-1-500x706.jpg 500w, https:\/\/www.beonsan.com\/wp-content\/uploads\/2024\/03\/ISO-9001_page-0001-1-1-800x1129.jpg 800w, https:\/\/www.beonsan.com\/wp-content\/uploads\/2024\/03\/ISO-9001_page-0001-1-1-425x600.jpg 425w, https:\/\/www.beonsan.com\/wp-content\/uploads\/2024\/03\/ISO-9001_page-0001-1-1-397x560.jpg 397w\" sizes=\"(max-width: 1000px) 100vw, 1000px\" \/>\t\t\t\t\t\t\t\t\t\t\t\t\t\t\t<\/div>\n\t\t\t\t<\/div>\n\t\t\t\t\t<\/div>\n\t\t<\/div>\n\t\t\t\t\t<\/div>\n\t\t<\/section>\n\t\t\t\t<\/div>\n\t\t","protected":false},"excerpt":{"rendered":"<p>Corporate Quality Certificates<\/p>\n","protected":false},"author":1,"featured_media":0,"parent":0,"menu_order":0,"comment_status":"closed","ping_status":"closed","template":"elementor_header_footer","meta":{"_vp_format_video_url":"","_vp_image_focal_point":[],"footnotes":""},"class_list":["post-5959","page","type-page","status-publish","hentry"],"yoast_head":"<!-- This site is optimized with the Yoast SEO plugin v27.4 - https:\/\/yoast.com\/product\/yoast-seo-wordpress\/ -->\n<title>Quality Certificates - Beonsan<\/title>\n<meta name=\"description\" content=\"Prekast sekt\u00f6r\u00fcnde \u00f6nc\u00fc bir rol oynayan Beonsan kalite belgeleri ve daha fazlas\u0131 i\u00e7in ileti\u015fime ge\u00e7ebilirsiniz. Detaylar i\u00e7in t\u0131klay\u0131n!\" \/>\n<meta name=\"robots\" content=\"index, follow, max-snippet:-1, max-image-preview:large, max-video-preview:-1\" \/>\n<link rel=\"canonical\" href=\"https:\/\/www.beonsan.com\/en\/quality-certificates\/\" \/>\n<meta property=\"og:locale\" content=\"en_US\" \/>\n<meta property=\"og:type\" content=\"article\" \/>\n<meta property=\"og:title\" content=\"Quality Certificates - Beonsan\" \/>\n<meta property=\"og:description\" content=\"Prekast sekt\u00f6r\u00fcnde \u00f6nc\u00fc bir rol oynayan Beonsan kalite belgeleri ve daha fazlas\u0131 i\u00e7in ileti\u015fime ge\u00e7ebilirsiniz. Detaylar i\u00e7in t\u0131klay\u0131n!\" \/>\n<meta property=\"og:url\" content=\"https:\/\/www.beonsan.com\/en\/quality-certificates\/\" \/>\n<meta property=\"og:site_name\" content=\"Beonsan\" \/>\n<meta property=\"article:modified_time\" content=\"2024-04-02T21:06:15+00:00\" \/>\n<meta property=\"og:image\" content=\"https:\/\/www.beonsan.com\/wp-content\/uploads\/2024\/03\/TSE-BELGESI_page-0001-1-1.jpg\" \/>\n<meta name=\"twitter:card\" content=\"summary_large_image\" \/>\n<script type=\"application\/ld+json\" class=\"yoast-schema-graph\">{\"@context\":\"https:\\\/\\\/schema.org\",\"@graph\":[{\"@type\":\"WebPage\",\"@id\":\"https:\\\/\\\/www.beonsan.com\\\/en\\\/quality-certificates\\\/\",\"url\":\"https:\\\/\\\/www.beonsan.com\\\/en\\\/quality-certificates\\\/\",\"name\":\"Quality Certificates - Beonsan\",\"isPartOf\":{\"@id\":\"https:\\\/\\\/www.beonsan.com\\\/en\\\/#website\"},\"primaryImageOfPage\":{\"@id\":\"https:\\\/\\\/www.beonsan.com\\\/en\\\/quality-certificates\\\/#primaryimage\"},\"image\":{\"@id\":\"https:\\\/\\\/www.beonsan.com\\\/en\\\/quality-certificates\\\/#primaryimage\"},\"thumbnailUrl\":\"https:\\\/\\\/www.beonsan.com\\\/wp-content\\\/uploads\\\/2024\\\/03\\\/TSE-BELGESI_page-0001-1-1.jpg\",\"datePublished\":\"2024-02-25T16:44:41+00:00\",\"dateModified\":\"2024-04-02T21:06:15+00:00\",\"description\":\"Prekast sekt\u00f6r\u00fcnde \u00f6nc\u00fc bir rol oynayan Beonsan kalite belgeleri ve daha fazlas\u0131 i\u00e7in ileti\u015fime ge\u00e7ebilirsiniz. Detaylar i\u00e7in t\u0131klay\u0131n!\",\"inLanguage\":\"en-US\",\"potentialAction\":[{\"@type\":\"ReadAction\",\"target\":[\"https:\\\/\\\/www.beonsan.com\\\/en\\\/quality-certificates\\\/\"]}]},{\"@type\":\"ImageObject\",\"inLanguage\":\"en-US\",\"@id\":\"https:\\\/\\\/www.beonsan.com\\\/en\\\/quality-certificates\\\/#primaryimage\",\"url\":\"https:\\\/\\\/www.beonsan.com\\\/wp-content\\\/uploads\\\/2024\\\/03\\\/TSE-BELGESI_page-0001-1-1.jpg\",\"contentUrl\":\"https:\\\/\\\/www.beonsan.com\\\/wp-content\\\/uploads\\\/2024\\\/03\\\/TSE-BELGESI_page-0001-1-1.jpg\"},{\"@type\":\"WebSite\",\"@id\":\"https:\\\/\\\/www.beonsan.com\\\/en\\\/#website\",\"url\":\"https:\\\/\\\/www.beonsan.com\\\/en\\\/\",\"name\":\"Beonsan\",\"description\":\"Binan\u0131z\u0131n \u015e\u0131k Mimarisi\",\"potentialAction\":[{\"@type\":\"SearchAction\",\"target\":{\"@type\":\"EntryPoint\",\"urlTemplate\":\"https:\\\/\\\/www.beonsan.com\\\/en\\\/?s={search_term_string}\"},\"query-input\":{\"@type\":\"PropertyValueSpecification\",\"valueRequired\":true,\"valueName\":\"search_term_string\"}}],\"inLanguage\":\"en-US\"}]}<\/script>\n<!-- \/ Yoast SEO plugin. -->","yoast_head_json":{"title":"Quality Certificates - Beonsan","description":"Prekast sekt\u00f6r\u00fcnde \u00f6nc\u00fc bir rol oynayan Beonsan kalite belgeleri ve daha fazlas\u0131 i\u00e7in ileti\u015fime ge\u00e7ebilirsiniz. Detaylar i\u00e7in t\u0131klay\u0131n!","robots":{"index":"index","follow":"follow","max-snippet":"max-snippet:-1","max-image-preview":"max-image-preview:large","max-video-preview":"max-video-preview:-1"},"canonical":"https:\/\/www.beonsan.com\/en\/quality-certificates\/","og_locale":"en_US","og_type":"article","og_title":"Quality Certificates - Beonsan","og_description":"Prekast sekt\u00f6r\u00fcnde \u00f6nc\u00fc bir rol oynayan Beonsan kalite belgeleri ve daha fazlas\u0131 i\u00e7in ileti\u015fime ge\u00e7ebilirsiniz. Detaylar i\u00e7in t\u0131klay\u0131n!","og_url":"https:\/\/www.beonsan.com\/en\/quality-certificates\/","og_site_name":"Beonsan","article_modified_time":"2024-04-02T21:06:15+00:00","og_image":[{"url":"https:\/\/www.beonsan.com\/wp-content\/uploads\/2024\/03\/TSE-BELGESI_page-0001-1-1.jpg","type":"","width":"","height":""}],"twitter_card":"summary_large_image","schema":{"@context":"https:\/\/schema.org","@graph":[{"@type":"WebPage","@id":"https:\/\/www.beonsan.com\/en\/quality-certificates\/","url":"https:\/\/www.beonsan.com\/en\/quality-certificates\/","name":"Quality Certificates - Beonsan","isPartOf":{"@id":"https:\/\/www.beonsan.com\/en\/#website"},"primaryImageOfPage":{"@id":"https:\/\/www.beonsan.com\/en\/quality-certificates\/#primaryimage"},"image":{"@id":"https:\/\/www.beonsan.com\/en\/quality-certificates\/#primaryimage"},"thumbnailUrl":"https:\/\/www.beonsan.com\/wp-content\/uploads\/2024\/03\/TSE-BELGESI_page-0001-1-1.jpg","datePublished":"2024-02-25T16:44:41+00:00","dateModified":"2024-04-02T21:06:15+00:00","description":"Prekast sekt\u00f6r\u00fcnde \u00f6nc\u00fc bir rol oynayan Beonsan kalite belgeleri ve daha fazlas\u0131 i\u00e7in ileti\u015fime ge\u00e7ebilirsiniz. Detaylar i\u00e7in t\u0131klay\u0131n!","inLanguage":"en-US","potentialAction":[{"@type":"ReadAction","target":["https:\/\/www.beonsan.com\/en\/quality-certificates\/"]}]},{"@type":"ImageObject","inLanguage":"en-US","@id":"https:\/\/www.beonsan.com\/en\/quality-certificates\/#primaryimage","url":"https:\/\/www.beonsan.com\/wp-content\/uploads\/2024\/03\/TSE-BELGESI_page-0001-1-1.jpg","contentUrl":"https:\/\/www.beonsan.com\/wp-content\/uploads\/2024\/03\/TSE-BELGESI_page-0001-1-1.jpg"},{"@type":"WebSite","@id":"https:\/\/www.beonsan.com\/en\/#website","url":"https:\/\/www.beonsan.com\/en\/","name":"Beonsan","description":"Binan\u0131z\u0131n \u015e\u0131k Mimarisi","potentialAction":[{"@type":"SearchAction","target":{"@type":"EntryPoint","urlTemplate":"https:\/\/www.beonsan.com\/en\/?s={search_term_string}"},"query-input":{"@type":"PropertyValueSpecification","valueRequired":true,"valueName":"search_term_string"}}],"inLanguage":"en-US"}]}},"_links":{"self":[{"href":"https:\/\/www.beonsan.com\/en\/wp-json\/wp\/v2\/pages\/5959","targetHints":{"allow":["GET"]}}],"collection":[{"href":"https:\/\/www.beonsan.com\/en\/wp-json\/wp\/v2\/pages"}],"about":[{"href":"https:\/\/www.beonsan.com\/en\/wp-json\/wp\/v2\/types\/page"}],"author":[{"embeddable":true,"href":"https:\/\/www.beonsan.com\/en\/wp-json\/wp\/v2\/users\/1"}],"replies":[{"embeddable":true,"href":"https:\/\/www.beonsan.com\/en\/wp-json\/wp\/v2\/comments?post=5959"}],"version-history":[{"count":4,"href":"https:\/\/www.beonsan.com\/en\/wp-json\/wp\/v2\/pages\/5959\/revisions"}],"predecessor-version":[{"id":5963,"href":"https:\/\/www.beonsan.com\/en\/wp-json\/wp\/v2\/pages\/5959\/revisions\/5963"}],"wp:attachment":[{"href":"https:\/\/www.beonsan.com\/en\/wp-json\/wp\/v2\/media?parent=5959"}],"curies":[{"name":"wp","href":"https:\/\/api.w.org\/{rel}","templated":true}]}}