{"id":6015,"date":"2024-03-02T15:36:35","date_gmt":"2024-03-02T15:36:35","guid":{"rendered":"https:\/\/www.beonsan.com\/precast\/ankara-prekast\/"},"modified":"2024-04-02T22:44:56","modified_gmt":"2024-04-02T22:44:56","slug":"ankara-precast","status":"publish","type":"page","link":"https:\/\/www.beonsan.com\/en\/precast\/ankara-precast\/","title":{"rendered":"Ankara Precast"},"content":{"rendered":"\t\t<div data-elementor-type=\"wp-page\" data-elementor-id=\"6015\" class=\"elementor elementor-6015 elementor-4605\" data-elementor-post-type=\"page\">\n\t\t\t\t\t\t<section class=\"elementor-section elementor-top-section elementor-element elementor-element-b22a221 elementor-section-full_width elementor-section-height-default elementor-section-height-default\" data-id=\"b22a221\" data-element_type=\"section\" data-settings=\"{&quot;background_background&quot;:&quot;classic&quot;}\">\n\t\t\t\t\t\t\t<div class=\"elementor-background-overlay\"><\/div>\n\t\t\t\t\t\t\t<div class=\"elementor-container elementor-column-gap-default\">\n\t\t\t\t\t<div class=\"elementor-column elementor-col-100 elementor-top-column elementor-element elementor-element-1173ce37\" data-id=\"1173ce37\" data-element_type=\"column\">\n\t\t\t<div class=\"elementor-widget-wrap elementor-element-populated\">\n\t\t\t\t\t\t\t<\/div>\n\t\t<\/div>\n\t\t\t\t\t<\/div>\n\t\t<\/section>\n\t\t\t\t<section class=\"elementor-section elementor-top-section elementor-element elementor-element-2e3c245 elementor-section-boxed elementor-section-height-default elementor-section-height-default\" data-id=\"2e3c245\" data-element_type=\"section\" data-settings=\"{&quot;background_background&quot;:&quot;classic&quot;}\">\n\t\t\t\t\t\t<div class=\"elementor-container elementor-column-gap-default\">\n\t\t\t\t\t<div class=\"elementor-column elementor-col-100 elementor-top-column elementor-element elementor-element-218ec75d\" data-id=\"218ec75d\" data-element_type=\"column\" data-settings=\"{&quot;background_background&quot;:&quot;classic&quot;}\">\n\t\t\t<div class=\"elementor-widget-wrap elementor-element-populated\">\n\t\t\t\t\t\t<div class=\"elementor-element elementor-element-2e108fa6 elementor-widget elementor-widget-text-editor\" data-id=\"2e108fa6\" data-element_type=\"widget\" data-widget_type=\"text-editor.default\">\n\t\t\t\t<div class=\"elementor-widget-container\">\n\t\t\t\t\t\t\t\t\t<p><span style=\"font-weight: 400;\">The precast, one of the new concrete systems used in basic structure construction and exterior applications, adds strength, insulation, and aesthetic appeal to the structures it is applied to. Moreover, the ability of precast to be applied in any season provides significant advantages in construction projects.<\/span><\/p><p><span style=\"font-weight: 400;\">These endeavors are observable in cities with diverse seasonal characteristics, contributing to the increasing production and preference for precast. Precast works in Ankara are evaluated for use in various structures, including official, artistic, and residential areas within the city.<\/span><\/p><h2><b>Ankara PreCast Applications<\/b><\/h2><p><span style=\"font-weight: 400;\">Within precast applications, this product can be applied in various structures in Ankara. With the abundance of official buildings, educational institutions, and art establishments in the city, precast applications can be seen in a wide range of architectural styles within the urban area. Precast cornices, used as a motif and shaping method, can be tailored to suit these different architectural styles.<\/span><\/p><p><span style=\"font-weight: 400;\">Ankara is also one of the places where precast is most commonly used as exterior cladding. Precast, used against weather conditions, also provides savings through sound and thermal insulation. Apart from official institutions like the Energy Market Regulatory Authority and the Ministry of Science, Industry, and Technology, examples of precast applications in Ankara include residential projects like Tim Towers and commercial ventures like the Ekpet Construction Office.<\/span><\/p><h2><b>Our Ankara Precast Products<\/b><\/h2><p><span style=\"font-weight: 400;\">Ankara precast applications are preferred for both basic structure construction and exterior cladding. Looking at the precast products used in these structures, we can see that Arched and Keystone Stones, Sill Windows with Sills, Corner Coverings, Floor Trims, Entrance Arcades and Pediments, and Shell Facade Cladding Panels are mostly preferred. For aesthetic purposes, Door Thresholds, Special Design Facade Elements, and Thermal Insulation Facade Cladding Panels are also chosen.<\/span><\/p><h2><b>Ankara Precast and Mono Fiber<\/b><\/h2><p><span style=\"font-weight: 400;\">Another feature of the precast system is its flexibility, particularly evident in the Mono Fiber system, which is primarily applied in the foundational stages of construction projects.<\/span><\/p><p><span style=\"font-weight: 400;\">This system provides resilience against earthquakes and impacts that may occur in adverse weather conditions. Weather conditions are one of the most common challenges in construction projects, but precast usage can overcome these obstacles effectively.<\/span><\/p><p><span style=\"font-weight: 400;\">In cities like Ankara with harsh climates, precast production and applications for both foundational and exterior cladding purposes can proceed without being affected by weather conditions.<\/span><\/p><h2><b>Ankara Precast Prices<\/b><\/h2><p><span style=\"font-weight: 400;\">The precast system undoubtedly holds significance in construction, landscaping, and urban architecture. When we look from past to present, alongside structural integrity, attention has also been paid to aesthetic enhancement. Precast represents a system that combines both aspects effectively.<\/span><\/p><p><span style=\"font-weight: 400;\">There is no single evaluation criterion for pricing regarding this application, as Ankara precast prices can be determined based on factors such as the area of use and preferred techniques. For accurate information about processes and prices, feel free to contact our company.<\/span><\/p>\t\t\t\t\t\t\t\t<\/div>\n\t\t\t\t<\/div>\n\t\t\t\t\t<\/div>\n\t\t<\/div>\n\t\t\t\t\t<\/div>\n\t\t<\/section>\n\t\t\t\t<\/div>\n\t\t","protected":false},"excerpt":{"rendered":"<p>The precast, one of the new concrete systems used in basic structure construction and exterior applications, adds strength, insulation, and aesthetic appeal to the structures it is applied to. Moreover, the ability of precast to be applied in any season provides significant advantages in construction projects. These endeavors are observable in cities with diverse seasonal [&hellip;]<\/p>\n","protected":false},"author":1,"featured_media":0,"parent":5964,"menu_order":0,"comment_status":"closed","ping_status":"closed","template":"elementor_header_footer","meta":{"_vp_format_video_url":"","_vp_image_focal_point":[],"footnotes":""},"class_list":["post-6015","page","type-page","status-publish","hentry"],"yoast_head":"<!-- This site is optimized with the Yoast SEO plugin v27.4 - https:\/\/yoast.com\/product\/yoast-seo-wordpress\/ -->\n<title>Ankara Precast - Beonsan - Hemen Ara!<\/title>\n<meta name=\"description\" content=\"Uygun fiyat aral\u0131klar\u0131nda Beonsan Ankara Prekast projelendirmesi i\u00e7in hemen ara ! Daha fazla detay i\u00e7in sitemizi ziyaret edebilirsiniz!\" \/>\n<meta name=\"robots\" content=\"index, follow, max-snippet:-1, max-image-preview:large, max-video-preview:-1\" \/>\n<link rel=\"canonical\" href=\"https:\/\/www.beonsan.com\/en\/precast\/ankara-precast\/\" \/>\n<meta property=\"og:locale\" content=\"en_US\" \/>\n<meta property=\"og:type\" content=\"article\" \/>\n<meta property=\"og:title\" content=\"Ankara Precast - Beonsan - Hemen Ara!\" \/>\n<meta property=\"og:description\" content=\"Uygun fiyat aral\u0131klar\u0131nda Beonsan Ankara Prekast projelendirmesi i\u00e7in hemen ara ! Daha fazla detay i\u00e7in sitemizi ziyaret edebilirsiniz!\" \/>\n<meta property=\"og:url\" content=\"https:\/\/www.beonsan.com\/en\/precast\/ankara-precast\/\" \/>\n<meta property=\"og:site_name\" content=\"Beonsan\" \/>\n<meta property=\"article:modified_time\" content=\"2024-04-02T22:44:56+00:00\" \/>\n<meta name=\"twitter:card\" content=\"summary_large_image\" \/>\n<meta name=\"twitter:label1\" content=\"Est. reading time\" \/>\n\t<meta name=\"twitter:data1\" content=\"2 minutes\" \/>\n<script type=\"application\/ld+json\" class=\"yoast-schema-graph\">{\"@context\":\"https:\\\/\\\/schema.org\",\"@graph\":[{\"@type\":\"WebPage\",\"@id\":\"https:\\\/\\\/www.beonsan.com\\\/en\\\/precast\\\/ankara-precast\\\/\",\"url\":\"https:\\\/\\\/www.beonsan.com\\\/en\\\/precast\\\/ankara-precast\\\/\",\"name\":\"Ankara Precast - Beonsan - Hemen Ara!\",\"isPartOf\":{\"@id\":\"https:\\\/\\\/www.beonsan.com\\\/en\\\/#website\"},\"datePublished\":\"2024-03-02T15:36:35+00:00\",\"dateModified\":\"2024-04-02T22:44:56+00:00\",\"description\":\"Uygun fiyat aral\u0131klar\u0131nda Beonsan Ankara Prekast projelendirmesi i\u00e7in hemen ara ! Daha fazla detay i\u00e7in sitemizi ziyaret edebilirsiniz!\",\"breadcrumb\":{\"@id\":\"https:\\\/\\\/www.beonsan.com\\\/en\\\/precast\\\/ankara-precast\\\/#breadcrumb\"},\"inLanguage\":\"en-US\",\"potentialAction\":[{\"@type\":\"ReadAction\",\"target\":[\"https:\\\/\\\/www.beonsan.com\\\/en\\\/precast\\\/ankara-precast\\\/\"]}]},{\"@type\":\"BreadcrumbList\",\"@id\":\"https:\\\/\\\/www.beonsan.com\\\/en\\\/precast\\\/ankara-precast\\\/#breadcrumb\",\"itemListElement\":[{\"@type\":\"ListItem\",\"position\":1,\"name\":\"Precast\",\"item\":\"https:\\\/\\\/www.beonsan.com\\\/en\\\/precast\\\/\"},{\"@type\":\"ListItem\",\"position\":2,\"name\":\"Ankara Precast\"}]},{\"@type\":\"WebSite\",\"@id\":\"https:\\\/\\\/www.beonsan.com\\\/en\\\/#website\",\"url\":\"https:\\\/\\\/www.beonsan.com\\\/en\\\/\",\"name\":\"Beonsan\",\"description\":\"Binan\u0131z\u0131n \u015e\u0131k Mimarisi\",\"potentialAction\":[{\"@type\":\"SearchAction\",\"target\":{\"@type\":\"EntryPoint\",\"urlTemplate\":\"https:\\\/\\\/www.beonsan.com\\\/en\\\/?s={search_term_string}\"},\"query-input\":{\"@type\":\"PropertyValueSpecification\",\"valueRequired\":true,\"valueName\":\"search_term_string\"}}],\"inLanguage\":\"en-US\"}]}<\/script>\n<!-- \/ Yoast SEO plugin. -->","yoast_head_json":{"title":"Ankara Precast - Beonsan - Hemen Ara!","description":"Uygun fiyat aral\u0131klar\u0131nda Beonsan Ankara Prekast projelendirmesi i\u00e7in hemen ara ! Daha fazla detay i\u00e7in sitemizi ziyaret edebilirsiniz!","robots":{"index":"index","follow":"follow","max-snippet":"max-snippet:-1","max-image-preview":"max-image-preview:large","max-video-preview":"max-video-preview:-1"},"canonical":"https:\/\/www.beonsan.com\/en\/precast\/ankara-precast\/","og_locale":"en_US","og_type":"article","og_title":"Ankara Precast - Beonsan - Hemen Ara!","og_description":"Uygun fiyat aral\u0131klar\u0131nda Beonsan Ankara Prekast projelendirmesi i\u00e7in hemen ara ! Daha fazla detay i\u00e7in sitemizi ziyaret edebilirsiniz!","og_url":"https:\/\/www.beonsan.com\/en\/precast\/ankara-precast\/","og_site_name":"Beonsan","article_modified_time":"2024-04-02T22:44:56+00:00","twitter_card":"summary_large_image","twitter_misc":{"Est. reading time":"2 minutes"},"schema":{"@context":"https:\/\/schema.org","@graph":[{"@type":"WebPage","@id":"https:\/\/www.beonsan.com\/en\/precast\/ankara-precast\/","url":"https:\/\/www.beonsan.com\/en\/precast\/ankara-precast\/","name":"Ankara Precast - Beonsan - Hemen Ara!","isPartOf":{"@id":"https:\/\/www.beonsan.com\/en\/#website"},"datePublished":"2024-03-02T15:36:35+00:00","dateModified":"2024-04-02T22:44:56+00:00","description":"Uygun fiyat aral\u0131klar\u0131nda Beonsan Ankara Prekast projelendirmesi i\u00e7in hemen ara ! Daha fazla detay i\u00e7in sitemizi ziyaret edebilirsiniz!","breadcrumb":{"@id":"https:\/\/www.beonsan.com\/en\/precast\/ankara-precast\/#breadcrumb"},"inLanguage":"en-US","potentialAction":[{"@type":"ReadAction","target":["https:\/\/www.beonsan.com\/en\/precast\/ankara-precast\/"]}]},{"@type":"BreadcrumbList","@id":"https:\/\/www.beonsan.com\/en\/precast\/ankara-precast\/#breadcrumb","itemListElement":[{"@type":"ListItem","position":1,"name":"Precast","item":"https:\/\/www.beonsan.com\/en\/precast\/"},{"@type":"ListItem","position":2,"name":"Ankara Precast"}]},{"@type":"WebSite","@id":"https:\/\/www.beonsan.com\/en\/#website","url":"https:\/\/www.beonsan.com\/en\/","name":"Beonsan","description":"Binan\u0131z\u0131n \u015e\u0131k Mimarisi","potentialAction":[{"@type":"SearchAction","target":{"@type":"EntryPoint","urlTemplate":"https:\/\/www.beonsan.com\/en\/?s={search_term_string}"},"query-input":{"@type":"PropertyValueSpecification","valueRequired":true,"valueName":"search_term_string"}}],"inLanguage":"en-US"}]}},"_links":{"self":[{"href":"https:\/\/www.beonsan.com\/en\/wp-json\/wp\/v2\/pages\/6015","targetHints":{"allow":["GET"]}}],"collection":[{"href":"https:\/\/www.beonsan.com\/en\/wp-json\/wp\/v2\/pages"}],"about":[{"href":"https:\/\/www.beonsan.com\/en\/wp-json\/wp\/v2\/types\/page"}],"author":[{"embeddable":true,"href":"https:\/\/www.beonsan.com\/en\/wp-json\/wp\/v2\/users\/1"}],"replies":[{"embeddable":true,"href":"https:\/\/www.beonsan.com\/en\/wp-json\/wp\/v2\/comments?post=6015"}],"version-history":[{"count":4,"href":"https:\/\/www.beonsan.com\/en\/wp-json\/wp\/v2\/pages\/6015\/revisions"}],"predecessor-version":[{"id":6019,"href":"https:\/\/www.beonsan.com\/en\/wp-json\/wp\/v2\/pages\/6015\/revisions\/6019"}],"up":[{"embeddable":true,"href":"https:\/\/www.beonsan.com\/en\/wp-json\/wp\/v2\/pages\/5964"}],"wp:attachment":[{"href":"https:\/\/www.beonsan.com\/en\/wp-json\/wp\/v2\/media?parent=6015"}],"curies":[{"name":"wp","href":"https:\/\/api.w.org\/{rel}","templated":true}]}}