{"id":6046,"date":"2024-02-28T20:52:14","date_gmt":"2024-02-28T20:52:14","guid":{"rendered":"https:\/\/www.beonsan.com\/grc\/"},"modified":"2024-05-03T13:04:13","modified_gmt":"2024-05-03T13:04:13","slug":"grc","status":"publish","type":"page","link":"https:\/\/www.beonsan.com\/en\/grc\/","title":{"rendered":"GRC"},"content":{"rendered":"\t\t<div data-elementor-type=\"wp-page\" data-elementor-id=\"6046\" class=\"elementor elementor-6046 elementor-4171\" data-elementor-post-type=\"page\">\n\t\t\t\t\t\t<section class=\"elementor-section elementor-top-section elementor-element elementor-element-676fde18 elementor-section-full_width elementor-section-height-default elementor-section-height-default\" data-id=\"676fde18\" data-element_type=\"section\" data-settings=\"{&quot;background_background&quot;:&quot;classic&quot;}\">\n\t\t\t\t\t\t\t<div class=\"elementor-background-overlay\"><\/div>\n\t\t\t\t\t\t\t<div class=\"elementor-container elementor-column-gap-default\">\n\t\t\t\t\t<div class=\"elementor-column elementor-col-100 elementor-top-column elementor-element elementor-element-431d8071\" data-id=\"431d8071\" data-element_type=\"column\">\n\t\t\t<div class=\"elementor-widget-wrap elementor-element-populated\">\n\t\t\t\t\t\t<div class=\"elementor-element elementor-element-4e35edd2 elementor-invisible elementor-widget elementor-widget-heading\" data-id=\"4e35edd2\" data-element_type=\"widget\" data-settings=\"{&quot;_animation&quot;:&quot;fadeInDown&quot;}\" data-widget_type=\"heading.default\">\n\t\t\t\t<div class=\"elementor-widget-container\">\n\t\t\t\t\t<h1 class=\"elementor-heading-title elementor-size-default\">GRC<\/h1>\t\t\t\t<\/div>\n\t\t\t\t<\/div>\n\t\t\t\t\t<\/div>\n\t\t<\/div>\n\t\t\t\t\t<\/div>\n\t\t<\/section>\n\t\t\t\t<section class=\"elementor-section elementor-top-section elementor-element elementor-element-4b5746ba elementor-section-boxed elementor-section-height-default elementor-section-height-default\" data-id=\"4b5746ba\" data-element_type=\"section\" data-settings=\"{&quot;background_background&quot;:&quot;classic&quot;}\">\n\t\t\t\t\t\t<div class=\"elementor-container elementor-column-gap-default\">\n\t\t\t\t\t<div class=\"elementor-column elementor-col-66 elementor-top-column elementor-element elementor-element-3519deaf\" data-id=\"3519deaf\" data-element_type=\"column\" data-settings=\"{&quot;background_background&quot;:&quot;classic&quot;}\">\n\t\t\t<div class=\"elementor-widget-wrap elementor-element-populated\">\n\t\t\t\t\t\t<div class=\"elementor-element elementor-element-4590feba elementor-widget elementor-widget-text-editor\" data-id=\"4590feba\" data-element_type=\"widget\" data-widget_type=\"text-editor.default\">\n\t\t\t\t<div class=\"elementor-widget-container\">\n\t\t\t\t\t\t\t\t\t<div class=\"fusion-text fusion-text-1\"><p><span style=\"font-weight: 400;\">GRC, a term frequently heard in the precast sector, is an abbreviation derived from the first letters of Glassfibre Reinforced Concrete, which can be defined as concrete reinforced with fiberglass. It is a durable and long-lasting building material that stands out with its properties.<\/span><\/p><p><span style=\"font-weight: 400;\">Essentially consisting of 4 main components; white Portland cement, silica sand containing high silica content, alkali-resistant fiberglass, and water. Depending on the dimensions of the structure to be produced, plasticizers and other chemicals can also be used.<\/span><\/p><h2><b>GRC Features<\/b><\/h2><p><span style=\"font-weight: 400;\">Especially in recent years, GRC, whose usage is increasing, attracts attention with its unique features. When we look at the features of GRC;<\/span><\/p><ul><li style=\"font-weight: 400;\" aria-level=\"1\"><span style=\"font-weight: 400;\">It is composed of 4 main components.<\/span><\/li><li style=\"font-weight: 400;\" aria-level=\"1\"><span style=\"font-weight: 400;\">\u00a0<\/span><span style=\"font-weight: 400;\">It shows higher resistance to impact and compression compared to traditional concretes.<\/span><\/li><li style=\"font-weight: 400;\" aria-level=\"1\"><span style=\"font-weight: 400;\">It has a lightweight structure, which provides significant convenience to workers during production, transportation, and assembly stages.<\/span><\/li><li style=\"font-weight: 400;\" aria-level=\"1\"><span style=\"font-weight: 400;\">It is one of the most resistant materials against earthquakes.<\/span><\/li><li style=\"font-weight: 400;\" aria-level=\"1\"><span style=\"font-weight: 400;\">It provides sound insulation and is also waterproof.<\/span><\/li><li style=\"font-weight: 400;\" aria-level=\"1\"><span style=\"font-weight: 400;\">In addition to its durable structure, it offers rich design options aesthetically.<\/span><\/li><li style=\"font-weight: 400;\" aria-level=\"1\"><span style=\"font-weight: 400;\">GRC, which can be preferred in almost all exterior facades, has a wide range of applications.<\/span><\/li><li style=\"font-weight: 400;\" aria-level=\"1\"><span style=\"font-weight: 400;\">It is poured into the mold through two different methods: casting or spraying system.<\/span><\/li><\/ul><h2><b>How is GRC Made?<\/b><\/h2><p><span style=\"font-weight: 400;\">There are two techniques in GRC production methods. These two methods, which can be called premix and spray technology, vary according to the area where the application will be made. The method of pouring the mixture obtained with multiple components into the mold is called premix.<\/span><\/p><p><span style=\"font-weight: 400;\">In addition, in the Spray method, the material is applied by spraying with a special device. In the premix method, generally, the material produced is filled inside. When filled material is desired to be used, the premix method is preferred.<\/span><\/p><p><span style=\"font-weight: 400;\">Three different types of molds are used in GRC concrete applications. Mold selection is important for efficient use. By selecting molds suitable for decorative designs, cost savings can be achieved. Mold types are three: wood, polyester, and silicone. Wood and polyester molds are frequently preferred in exterior facade applications, and silicone molds are also used in areas requiring special applications.<\/span><\/p><h2><b>GRC Connection Types<\/b><\/h2><p><span style=\"font-weight: 400;\">There are 2 different connection types in GRC precast facade claddings: Pedestal or Framed connections.<\/span><\/p><p><span style=\"font-weight: 400;\">Q8 steel bars are used in both connection types. These bars, called flex bars, absorb earthquake loads. The frames that create the connection points are placed inside the mold while GRC precast is still wet. In GRC-Fiberton frames, profiles under 2.5 mm are not preferred due to the high heat generated during welding.<\/span><\/p><h2><b>Use of GRC Concrete in Our Country<\/b><\/h2><p><span style=\"font-weight: 400;\">Our country, located in the earthquake belt, shows sensitivity to this issue in the structures created. Resilient building materials against earthquakes, seismic shaking, and damage are preferred not only in the entire structure but also in the exterior facades.<\/span><\/p><p><span style=\"font-weight: 400;\">The use of GRC Concrete in our country, with its lightweight and durable structure, has been increasing in recent years, and GRC Concrete application stands out. Because GRC, which saves from the weight of external walls added to buildings, also attracts attention with its rich designs.<\/span><\/p><p><span style=\"font-weight: 400;\">Our company, which provides the most successful services in precast facade, creates durable designs that meet expectations and needs. Beonsan, using special techniques and materials, delivers the applications it produces smoothly.<\/span><\/p><h2><b>Physical Properties<\/b><\/h2><p><span style=\"font-weight: 400;\">\u00a0<\/span><\/p><table><tbody><tr><td><p><span style=\"font-weight: 400;\">Compressive Strength c: 45-70 N\/mm\u00b2<\/span><\/p><\/td><td><p><span style=\"font-weight: 400;\">c: 45-70 N\/mm\u00b2<\/span><\/p><\/td><\/tr><tr><td><p><span style=\"font-weight: 400;\">Tensile Strength fct: 5-9 N\/mm\u00b2<\/span><\/p><\/td><td><p><span style=\"font-weight: 400;\">fct: 5-9 N\/mm\u00b2<\/span><\/p><\/td><\/tr><tr><td><p><span style=\"font-weight: 400;\">Yield Strength LOP: 6-8 N\/mm\u00b2<\/span><\/p><\/td><td><p><span style=\"font-weight: 400;\">LOP: 6-8 N\/mm\u00b2<\/span><\/p><\/td><\/tr><tr><td><p><span style=\"font-weight: 400;\">Modulus of Rupture MOR: 14-24 N\/mm\u00b2<\/span><\/p><\/td><td><p><span style=\"font-weight: 400;\">MOR: 14-24 N\/mm\u00b2<\/span><\/p><\/td><\/tr><tr><td><p><span style=\"font-weight: 400;\">Expansion Limit eu: 0.5-4 %<\/span><\/p><\/td><td><p><span style=\"font-weight: 400;\">eu: 0.5-4 %<\/span><\/p><\/td><\/tr><tr><td><p><span style=\"font-weight: 400;\">Elastic Modulus E: 11-17 kN\/mm\u00b2<\/span><\/p><\/td><td><p><span style=\"font-weight: 400;\">E: 11-17 kN\/mm\u00b2<\/span><\/p><\/td><\/tr><tr><td><p><span style=\"font-weight: 400;\">Density 1.7 \u2013 21 kg\/dm\u00b3<\/span><\/p><\/td><td><p><span style=\"font-weight: 400;\">Dnsity 1.7 \u2013 21 kg\/dm\u00b3<\/span><\/p><\/td><\/tr><tr><td><p><span style=\"font-weight: 400;\">Expansion T: 1.0 \u2013 15 X 10-5<\/span><\/p><\/td><td><p><span style=\"font-weight: 400;\">T: 1.0 \u2013 15 X 10-5<\/span><\/p><\/td><\/tr><tr><td><p><span style=\"font-weight: 400;\">Thermal Conductivity 0.8 \u2013 1.3 W\/mk<\/span><\/p><\/td><td><p><span style=\"font-weight: 400;\">0.8 \u2013 1.3 W\/mk<\/span><\/p><\/td><\/tr><tr><td><p><span style=\"font-weight: 400;\">Fire Resistance (DIN 4102) A1<\/span><\/p><\/td><td><p><span style=\"font-weight: 400;\">(DIN 4102) A1<\/span><\/p><\/td><\/tr><tr><td><p><span style=\"font-weight: 400;\">Shrinkage Value \u0404 cs : 1.0 \u2013 2.0 mm\/m<\/span><\/p><\/td><td><p><span style=\"font-weight: 400;\">\u0404 cs : 1.0 \u2013 2.0 mm\/m<\/span><\/p><\/td><\/tr><tr><td><p><span style=\"font-weight: 400;\">Water Absorption 4-14 %<\/span><\/p><\/td><td><p><span style=\"font-weight: 400;\">4-14 %<\/span><\/p><\/td><\/tr><tr><td><p><span style=\"font-weight: 400;\">Water Vapor Diffusion \u00b5 : 50 \u2013 200<\/span><\/p><\/td><td><p><span style=\"font-weight: 400;\">\u00b5 : 50 \u2013 200<\/span><\/p><\/td><\/tr><\/tbody><\/table><\/div><div class=\"fusion-builder-row fusion-builder-row-inner fusion-row\"><div class=\"fusion-layout-column fusion_builder_column_inner fusion-builder-nested-column-0 fusion_builder_column_inner_1_1 1_1 fusion-one-full fusion-column-first fusion-column-last\">\u00a0<\/div><\/div>\t\t\t\t\t\t\t\t<\/div>\n\t\t\t\t<\/div>\n\t\t\t\t\t<\/div>\n\t\t<\/div>\n\t\t\t\t<div class=\"elementor-column elementor-col-33 elementor-top-column elementor-element elementor-element-5d7b40cc\" data-id=\"5d7b40cc\" data-element_type=\"column\">\n\t\t\t<div class=\"elementor-widget-wrap elementor-element-populated\">\n\t\t\t\t\t\t<section class=\"elementor-section elementor-inner-section elementor-element elementor-element-2206b406 elementor-section-boxed elementor-section-height-default elementor-section-height-default elementor-invisible\" data-id=\"2206b406\" data-element_type=\"section\" data-settings=\"{&quot;animation&quot;:&quot;fadeInUp&quot;}\">\n\t\t\t\t\t\t<div class=\"elementor-container elementor-column-gap-default\">\n\t\t\t\t\t<div class=\"elementor-column elementor-col-100 elementor-inner-column elementor-element elementor-element-63b2743\" data-id=\"63b2743\" data-element_type=\"column\" data-settings=\"{&quot;background_background&quot;:&quot;classic&quot;}\">\n\t\t\t<div class=\"elementor-widget-wrap elementor-element-populated\">\n\t\t\t\t\t\t<div class=\"elementor-element elementor-element-97f7967 elementor-widget elementor-widget-image\" data-id=\"97f7967\" data-element_type=\"widget\" data-widget_type=\"image.default\">\n\t\t\t\t<div class=\"elementor-widget-container\">\n\t\t\t\t\t\t\t\t\t\t\t\t\t\t\t<img fetchpriority=\"high\" decoding=\"async\" width=\"220\" height=\"565\" src=\"https:\/\/www.beonsan.com\/wp-content\/uploads\/2024\/02\/grcs.png\" class=\"attachment-full size-full wp-image-5522\" alt=\"\" srcset=\"https:\/\/www.beonsan.com\/wp-content\/uploads\/2024\/02\/grcs.png 220w, https:\/\/www.beonsan.com\/wp-content\/uploads\/2024\/02\/grcs-117x300.png 117w, https:\/\/www.beonsan.com\/wp-content\/uploads\/2024\/02\/grcs-218x560.png 218w\" sizes=\"(max-width: 220px) 100vw, 220px\" \/>\t\t\t\t\t\t\t\t\t\t\t\t\t\t\t<\/div>\n\t\t\t\t<\/div>\n\t\t\t\t\t<\/div>\n\t\t<\/div>\n\t\t\t\t\t<\/div>\n\t\t<\/section>\n\t\t\t\t\t<\/div>\n\t\t<\/div>\n\t\t\t\t\t<\/div>\n\t\t<\/section>\n\t\t\t\t<\/div>\n\t\t","protected":false},"excerpt":{"rendered":"<p>GRC GRC, a term frequently heard in the precast sector, is an abbreviation derived from the first letters of Glassfibre Reinforced Concrete, which can be defined as concrete reinforced with fiberglass. It is a durable and long-lasting building material that stands out with its properties. Essentially consisting of 4 main components; white Portland cement, silica [&hellip;]<\/p>\n","protected":false},"author":1,"featured_media":0,"parent":0,"menu_order":0,"comment_status":"closed","ping_status":"closed","template":"elementor_header_footer","meta":{"_vp_format_video_url":"","_vp_image_focal_point":[],"footnotes":""},"class_list":["post-6046","page","type-page","status-publish","hentry"],"yoast_head":"<!-- This site is optimized with the Yoast SEO plugin v26.5 - https:\/\/yoast.com\/wordpress\/plugins\/seo\/ -->\n<title>GRC - Beonsan<\/title>\n<meta name=\"description\" content=\"GRC \u00fcr\u00fcnleri ile ilgili daha fazla detayl\u0131 bilgi sahibi olmak i\u00e7in hemen beonsan.com adresini ziyaret edebilir ve ileti\u015fime ge\u00e7ebilirsiniz!\" \/>\n<meta name=\"robots\" content=\"index, follow, max-snippet:-1, max-image-preview:large, max-video-preview:-1\" \/>\n<link rel=\"canonical\" href=\"https:\/\/www.beonsan.com\/en\/grc\/\" \/>\n<meta property=\"og:locale\" content=\"en_US\" \/>\n<meta property=\"og:type\" content=\"article\" \/>\n<meta property=\"og:title\" content=\"GRC - Beonsan\" \/>\n<meta property=\"og:description\" content=\"GRC \u00fcr\u00fcnleri ile ilgili daha fazla detayl\u0131 bilgi sahibi olmak i\u00e7in hemen beonsan.com adresini ziyaret edebilir ve ileti\u015fime ge\u00e7ebilirsiniz!\" \/>\n<meta property=\"og:url\" content=\"https:\/\/www.beonsan.com\/en\/grc\/\" \/>\n<meta property=\"og:site_name\" content=\"Beonsan\" \/>\n<meta property=\"article:modified_time\" content=\"2024-05-03T13:04:13+00:00\" \/>\n<meta property=\"og:image\" content=\"https:\/\/www.beonsan.com\/wp-content\/uploads\/2024\/02\/grcs.png\" \/>\n<meta name=\"twitter:card\" content=\"summary_large_image\" \/>\n<meta name=\"twitter:label1\" content=\"Est. reading time\" \/>\n\t<meta name=\"twitter:data1\" content=\"3 minutes\" \/>\n<script type=\"application\/ld+json\" class=\"yoast-schema-graph\">{\"@context\":\"https:\/\/schema.org\",\"@graph\":[{\"@type\":\"WebPage\",\"@id\":\"https:\/\/www.beonsan.com\/en\/grc\/\",\"url\":\"https:\/\/www.beonsan.com\/en\/grc\/\",\"name\":\"GRC - Beonsan\",\"isPartOf\":{\"@id\":\"https:\/\/www.beonsan.com\/en\/#website\"},\"primaryImageOfPage\":{\"@id\":\"https:\/\/www.beonsan.com\/en\/grc\/#primaryimage\"},\"image\":{\"@id\":\"https:\/\/www.beonsan.com\/en\/grc\/#primaryimage\"},\"thumbnailUrl\":\"https:\/\/www.beonsan.com\/wp-content\/uploads\/2024\/02\/grcs.png\",\"datePublished\":\"2024-02-28T20:52:14+00:00\",\"dateModified\":\"2024-05-03T13:04:13+00:00\",\"description\":\"GRC \u00fcr\u00fcnleri ile ilgili daha fazla detayl\u0131 bilgi sahibi olmak i\u00e7in hemen beonsan.com adresini ziyaret edebilir ve ileti\u015fime ge\u00e7ebilirsiniz!\",\"inLanguage\":\"en-US\",\"potentialAction\":[{\"@type\":\"ReadAction\",\"target\":[\"https:\/\/www.beonsan.com\/en\/grc\/\"]}]},{\"@type\":\"ImageObject\",\"inLanguage\":\"en-US\",\"@id\":\"https:\/\/www.beonsan.com\/en\/grc\/#primaryimage\",\"url\":\"https:\/\/www.beonsan.com\/wp-content\/uploads\/2024\/02\/grcs.png\",\"contentUrl\":\"https:\/\/www.beonsan.com\/wp-content\/uploads\/2024\/02\/grcs.png\"},{\"@type\":\"WebSite\",\"@id\":\"https:\/\/www.beonsan.com\/en\/#website\",\"url\":\"https:\/\/www.beonsan.com\/en\/\",\"name\":\"Beonsan\",\"description\":\"Binan\u0131z\u0131n \u015e\u0131k Mimarisi\",\"potentialAction\":[{\"@type\":\"SearchAction\",\"target\":{\"@type\":\"EntryPoint\",\"urlTemplate\":\"https:\/\/www.beonsan.com\/en\/?s={search_term_string}\"},\"query-input\":{\"@type\":\"PropertyValueSpecification\",\"valueRequired\":true,\"valueName\":\"search_term_string\"}}],\"inLanguage\":\"en-US\"}]}<\/script>\n<!-- \/ Yoast SEO plugin. -->","yoast_head_json":{"title":"GRC - Beonsan","description":"GRC \u00fcr\u00fcnleri ile ilgili daha fazla detayl\u0131 bilgi sahibi olmak i\u00e7in hemen beonsan.com adresini ziyaret edebilir ve ileti\u015fime ge\u00e7ebilirsiniz!","robots":{"index":"index","follow":"follow","max-snippet":"max-snippet:-1","max-image-preview":"max-image-preview:large","max-video-preview":"max-video-preview:-1"},"canonical":"https:\/\/www.beonsan.com\/en\/grc\/","og_locale":"en_US","og_type":"article","og_title":"GRC - Beonsan","og_description":"GRC \u00fcr\u00fcnleri ile ilgili daha fazla detayl\u0131 bilgi sahibi olmak i\u00e7in hemen beonsan.com adresini ziyaret edebilir ve ileti\u015fime ge\u00e7ebilirsiniz!","og_url":"https:\/\/www.beonsan.com\/en\/grc\/","og_site_name":"Beonsan","article_modified_time":"2024-05-03T13:04:13+00:00","og_image":[{"url":"https:\/\/www.beonsan.com\/wp-content\/uploads\/2024\/02\/grcs.png","type":"","width":"","height":""}],"twitter_card":"summary_large_image","twitter_misc":{"Est. reading time":"3 minutes"},"schema":{"@context":"https:\/\/schema.org","@graph":[{"@type":"WebPage","@id":"https:\/\/www.beonsan.com\/en\/grc\/","url":"https:\/\/www.beonsan.com\/en\/grc\/","name":"GRC - Beonsan","isPartOf":{"@id":"https:\/\/www.beonsan.com\/en\/#website"},"primaryImageOfPage":{"@id":"https:\/\/www.beonsan.com\/en\/grc\/#primaryimage"},"image":{"@id":"https:\/\/www.beonsan.com\/en\/grc\/#primaryimage"},"thumbnailUrl":"https:\/\/www.beonsan.com\/wp-content\/uploads\/2024\/02\/grcs.png","datePublished":"2024-02-28T20:52:14+00:00","dateModified":"2024-05-03T13:04:13+00:00","description":"GRC \u00fcr\u00fcnleri ile ilgili daha fazla detayl\u0131 bilgi sahibi olmak i\u00e7in hemen beonsan.com adresini ziyaret edebilir ve ileti\u015fime ge\u00e7ebilirsiniz!","inLanguage":"en-US","potentialAction":[{"@type":"ReadAction","target":["https:\/\/www.beonsan.com\/en\/grc\/"]}]},{"@type":"ImageObject","inLanguage":"en-US","@id":"https:\/\/www.beonsan.com\/en\/grc\/#primaryimage","url":"https:\/\/www.beonsan.com\/wp-content\/uploads\/2024\/02\/grcs.png","contentUrl":"https:\/\/www.beonsan.com\/wp-content\/uploads\/2024\/02\/grcs.png"},{"@type":"WebSite","@id":"https:\/\/www.beonsan.com\/en\/#website","url":"https:\/\/www.beonsan.com\/en\/","name":"Beonsan","description":"Binan\u0131z\u0131n \u015e\u0131k Mimarisi","potentialAction":[{"@type":"SearchAction","target":{"@type":"EntryPoint","urlTemplate":"https:\/\/www.beonsan.com\/en\/?s={search_term_string}"},"query-input":{"@type":"PropertyValueSpecification","valueRequired":true,"valueName":"search_term_string"}}],"inLanguage":"en-US"}]}},"_links":{"self":[{"href":"https:\/\/www.beonsan.com\/en\/wp-json\/wp\/v2\/pages\/6046","targetHints":{"allow":["GET"]}}],"collection":[{"href":"https:\/\/www.beonsan.com\/en\/wp-json\/wp\/v2\/pages"}],"about":[{"href":"https:\/\/www.beonsan.com\/en\/wp-json\/wp\/v2\/types\/page"}],"author":[{"embeddable":true,"href":"https:\/\/www.beonsan.com\/en\/wp-json\/wp\/v2\/users\/1"}],"replies":[{"embeddable":true,"href":"https:\/\/www.beonsan.com\/en\/wp-json\/wp\/v2\/comments?post=6046"}],"version-history":[{"count":4,"href":"https:\/\/www.beonsan.com\/en\/wp-json\/wp\/v2\/pages\/6046\/revisions"}],"predecessor-version":[{"id":6588,"href":"https:\/\/www.beonsan.com\/en\/wp-json\/wp\/v2\/pages\/6046\/revisions\/6588"}],"wp:attachment":[{"href":"https:\/\/www.beonsan.com\/en\/wp-json\/wp\/v2\/media?parent=6046"}],"curies":[{"name":"wp","href":"https:\/\/api.w.org\/{rel}","templated":true}]}}