{"id":6062,"date":"2024-02-28T22:08:45","date_gmt":"2024-02-28T22:08:45","guid":{"rendered":"https:\/\/www.beonsan.com\/grc-cam-elyaf-takviyeli-beton\/"},"modified":"2024-04-03T09:34:41","modified_gmt":"2024-04-03T09:34:41","slug":"grc-glass-fiber-reinforced-concrete","status":"publish","type":"page","link":"https:\/\/www.beonsan.com\/en\/grc-glass-fiber-reinforced-concrete\/","title":{"rendered":"GRC Glass Fiber Reinforced Concrete"},"content":{"rendered":"\t\t<div data-elementor-type=\"wp-page\" data-elementor-id=\"6062\" class=\"elementor elementor-6062 elementor-4199\" data-elementor-post-type=\"page\">\n\t\t\t\t\t\t<section class=\"elementor-section elementor-top-section elementor-element elementor-element-14a5c0b7 elementor-section-full_width elementor-section-height-default elementor-section-height-default\" data-id=\"14a5c0b7\" data-element_type=\"section\" data-settings=\"{&quot;background_background&quot;:&quot;classic&quot;}\">\n\t\t\t\t\t\t\t<div class=\"elementor-background-overlay\"><\/div>\n\t\t\t\t\t\t\t<div class=\"elementor-container elementor-column-gap-default\">\n\t\t\t\t\t<div class=\"elementor-column elementor-col-100 elementor-top-column elementor-element elementor-element-7fa82a6b\" data-id=\"7fa82a6b\" data-element_type=\"column\">\n\t\t\t<div class=\"elementor-widget-wrap elementor-element-populated\">\n\t\t\t\t\t\t<div class=\"elementor-element elementor-element-522faf1c elementor-invisible elementor-widget elementor-widget-heading\" data-id=\"522faf1c\" data-element_type=\"widget\" data-settings=\"{&quot;_animation&quot;:&quot;fadeInDown&quot;}\" data-widget_type=\"heading.default\">\n\t\t\t\t<div class=\"elementor-widget-container\">\n\t\t\t\t\t<h1 class=\"elementor-heading-title elementor-size-default\">GRC Glass Fiber Reinforced Concrete<\/h1>\t\t\t\t<\/div>\n\t\t\t\t<\/div>\n\t\t\t\t\t<\/div>\n\t\t<\/div>\n\t\t\t\t\t<\/div>\n\t\t<\/section>\n\t\t\t\t<section class=\"elementor-section elementor-top-section elementor-element elementor-element-40b50408 elementor-section-boxed elementor-section-height-default elementor-section-height-default\" data-id=\"40b50408\" data-element_type=\"section\" data-settings=\"{&quot;background_background&quot;:&quot;classic&quot;}\">\n\t\t\t\t\t\t<div class=\"elementor-container elementor-column-gap-default\">\n\t\t\t\t\t<div class=\"elementor-column elementor-col-100 elementor-top-column elementor-element elementor-element-793f966c\" data-id=\"793f966c\" data-element_type=\"column\" data-settings=\"{&quot;background_background&quot;:&quot;classic&quot;}\">\n\t\t\t<div class=\"elementor-widget-wrap elementor-element-populated\">\n\t\t\t\t\t\t<div class=\"elementor-element elementor-element-1cc8634f elementor-widget elementor-widget-text-editor\" data-id=\"1cc8634f\" data-element_type=\"widget\" data-widget_type=\"text-editor.default\">\n\t\t\t\t<div class=\"elementor-widget-container\">\n\t\t\t\t\t\t\t\t\t<p><span style=\"font-weight: 400;\">Glassfiber Reinforced Concrete (GRC), one of the most prominent materials in Beonsan&#8217;s product range, is a standout material in modern architecture.<\/span><\/p><p><span style=\"font-weight: 400;\">This concrete composite reinforced with fiberglass is produced in thicknesses ranging from 12 to 18 mm, offering excellent strength, lightweight, and durability. Utilizing these unique properties of GRC, Beonsan manufactures durable and aesthetic structural elements.<\/span><\/p><p><span style=\"font-weight: 400;\">GRC offers a wide range of applications, especially in areas such as facade claddings, decorations, panel systems, and architectural details. It is a preferred material for its ability to reduce structural loads, simplify the assembly process, and make projects more cost-effective. Additionally, the diverse range of color and texture options provides architects and designers with ample creative space. Beonsan emphasizes the environmentally friendly features of GRC, providing sustainable construction solutions.<\/span><\/p><p><span style=\"font-weight: 400;\">In conclusion, with Beonsan and GRC, combining aesthetics and functionality, as an essential part of sustainable architectural designs, offers extensive design possibilities for every project and adds a unique story to each structure.<\/span><\/p>\t\t\t\t\t\t\t\t<\/div>\n\t\t\t\t<\/div>\n\t\t\t\t<div class=\"elementor-element elementor-element-0039b53 elementor-widget elementor-widget-image\" data-id=\"0039b53\" data-element_type=\"widget\" data-widget_type=\"image.default\">\n\t\t\t\t<div class=\"elementor-widget-container\">\n\t\t\t\t\t\t\t\t\t\t\t\t\t\t\t<img fetchpriority=\"high\" decoding=\"async\" width=\"1040\" height=\"1386\" src=\"https:\/\/www.beonsan.com\/wp-content\/uploads\/2024\/02\/2.jpg\" class=\"attachment-full size-full wp-image-5534\" alt=\"\" srcset=\"https:\/\/www.beonsan.com\/wp-content\/uploads\/2024\/02\/2.jpg 1040w, https:\/\/www.beonsan.com\/wp-content\/uploads\/2024\/02\/2-225x300.jpg 225w, https:\/\/www.beonsan.com\/wp-content\/uploads\/2024\/02\/2-768x1024.jpg 768w, https:\/\/www.beonsan.com\/wp-content\/uploads\/2024\/02\/2-500x666.jpg 500w, https:\/\/www.beonsan.com\/wp-content\/uploads\/2024\/02\/2-800x1066.jpg 800w, https:\/\/www.beonsan.com\/wp-content\/uploads\/2024\/02\/2-450x600.jpg 450w, https:\/\/www.beonsan.com\/wp-content\/uploads\/2024\/02\/2-420x560.jpg 420w\" sizes=\"(max-width: 1040px) 100vw, 1040px\" \/>\t\t\t\t\t\t\t\t\t\t\t\t\t\t\t<\/div>\n\t\t\t\t<\/div>\n\t\t\t\t\t<\/div>\n\t\t<\/div>\n\t\t\t\t\t<\/div>\n\t\t<\/section>\n\t\t\t\t<\/div>\n\t\t","protected":false},"excerpt":{"rendered":"<p>GRC Glass Fiber Reinforced Concrete Glassfiber Reinforced Concrete (GRC), one of the most prominent materials in Beonsan&#8217;s product range, is a standout material in modern architecture. This concrete composite reinforced with fiberglass is produced in thicknesses ranging from 12 to 18 mm, offering excellent strength, lightweight, and durability. Utilizing these unique properties of GRC, Beonsan [&hellip;]<\/p>\n","protected":false},"author":1,"featured_media":0,"parent":0,"menu_order":0,"comment_status":"closed","ping_status":"closed","template":"elementor_header_footer","meta":{"_vp_format_video_url":"","_vp_image_focal_point":[],"footnotes":""},"class_list":["post-6062","page","type-page","status-publish","hentry"],"yoast_head":"<!-- This site is optimized with the Yoast SEO plugin v27.4 - https:\/\/yoast.com\/product\/yoast-seo-wordpress\/ -->\n<title>GRC Glass Fiber Reinforced Concrete - Beonsan<\/title>\n<meta name=\"description\" content=\"\u201cGlassfiber Reinforced Concrete (GRC), Beonsan\u00ae\ufe0f\u2019\u0131n \u00fcr\u00fcn yelpazesinde \u00f6ne \u00e7\u0131kan, modern mimarinin en dikkat \u00e7ekici malzemelerinden biridir.\" \/>\n<meta name=\"robots\" content=\"index, follow, max-snippet:-1, max-image-preview:large, max-video-preview:-1\" \/>\n<link rel=\"canonical\" href=\"https:\/\/www.beonsan.com\/en\/grc-glass-fiber-reinforced-concrete\/\" \/>\n<meta property=\"og:locale\" content=\"en_US\" \/>\n<meta property=\"og:type\" content=\"article\" \/>\n<meta property=\"og:title\" content=\"GRC Glass Fiber Reinforced Concrete - Beonsan\" \/>\n<meta property=\"og:description\" content=\"\u201cGlassfiber Reinforced Concrete (GRC), Beonsan\u00ae\ufe0f\u2019\u0131n \u00fcr\u00fcn yelpazesinde \u00f6ne \u00e7\u0131kan, modern mimarinin en dikkat \u00e7ekici malzemelerinden biridir.\" \/>\n<meta property=\"og:url\" content=\"https:\/\/www.beonsan.com\/en\/grc-glass-fiber-reinforced-concrete\/\" \/>\n<meta property=\"og:site_name\" content=\"Beonsan\" \/>\n<meta property=\"article:modified_time\" content=\"2024-04-03T09:34:41+00:00\" \/>\n<meta property=\"og:image\" content=\"https:\/\/www.beonsan.com\/wp-content\/uploads\/2024\/02\/2.jpg\" \/>\n<meta name=\"twitter:card\" content=\"summary_large_image\" \/>\n<meta name=\"twitter:label1\" content=\"Est. reading time\" \/>\n\t<meta name=\"twitter:data1\" content=\"1 minute\" \/>\n<script type=\"application\/ld+json\" class=\"yoast-schema-graph\">{\"@context\":\"https:\\\/\\\/schema.org\",\"@graph\":[{\"@type\":\"WebPage\",\"@id\":\"https:\\\/\\\/www.beonsan.com\\\/en\\\/grc-glass-fiber-reinforced-concrete\\\/\",\"url\":\"https:\\\/\\\/www.beonsan.com\\\/en\\\/grc-glass-fiber-reinforced-concrete\\\/\",\"name\":\"GRC Glass Fiber Reinforced Concrete - Beonsan\",\"isPartOf\":{\"@id\":\"https:\\\/\\\/www.beonsan.com\\\/en\\\/#website\"},\"primaryImageOfPage\":{\"@id\":\"https:\\\/\\\/www.beonsan.com\\\/en\\\/grc-glass-fiber-reinforced-concrete\\\/#primaryimage\"},\"image\":{\"@id\":\"https:\\\/\\\/www.beonsan.com\\\/en\\\/grc-glass-fiber-reinforced-concrete\\\/#primaryimage\"},\"thumbnailUrl\":\"https:\\\/\\\/www.beonsan.com\\\/wp-content\\\/uploads\\\/2024\\\/02\\\/2.jpg\",\"datePublished\":\"2024-02-28T22:08:45+00:00\",\"dateModified\":\"2024-04-03T09:34:41+00:00\",\"description\":\"\u201cGlassfiber Reinforced Concrete (GRC), Beonsan\u00ae\ufe0f\u2019\u0131n \u00fcr\u00fcn yelpazesinde \u00f6ne \u00e7\u0131kan, modern mimarinin en dikkat \u00e7ekici malzemelerinden biridir.\",\"inLanguage\":\"en-US\",\"potentialAction\":[{\"@type\":\"ReadAction\",\"target\":[\"https:\\\/\\\/www.beonsan.com\\\/en\\\/grc-glass-fiber-reinforced-concrete\\\/\"]}]},{\"@type\":\"ImageObject\",\"inLanguage\":\"en-US\",\"@id\":\"https:\\\/\\\/www.beonsan.com\\\/en\\\/grc-glass-fiber-reinforced-concrete\\\/#primaryimage\",\"url\":\"https:\\\/\\\/www.beonsan.com\\\/wp-content\\\/uploads\\\/2024\\\/02\\\/2.jpg\",\"contentUrl\":\"https:\\\/\\\/www.beonsan.com\\\/wp-content\\\/uploads\\\/2024\\\/02\\\/2.jpg\"},{\"@type\":\"WebSite\",\"@id\":\"https:\\\/\\\/www.beonsan.com\\\/en\\\/#website\",\"url\":\"https:\\\/\\\/www.beonsan.com\\\/en\\\/\",\"name\":\"Beonsan\",\"description\":\"Binan\u0131z\u0131n \u015e\u0131k Mimarisi\",\"potentialAction\":[{\"@type\":\"SearchAction\",\"target\":{\"@type\":\"EntryPoint\",\"urlTemplate\":\"https:\\\/\\\/www.beonsan.com\\\/en\\\/?s={search_term_string}\"},\"query-input\":{\"@type\":\"PropertyValueSpecification\",\"valueRequired\":true,\"valueName\":\"search_term_string\"}}],\"inLanguage\":\"en-US\"}]}<\/script>\n<!-- \/ Yoast SEO plugin. -->","yoast_head_json":{"title":"GRC Glass Fiber Reinforced Concrete - Beonsan","description":"\u201cGlassfiber Reinforced Concrete (GRC), Beonsan\u00ae\ufe0f\u2019\u0131n \u00fcr\u00fcn yelpazesinde \u00f6ne \u00e7\u0131kan, modern mimarinin en dikkat \u00e7ekici malzemelerinden biridir.","robots":{"index":"index","follow":"follow","max-snippet":"max-snippet:-1","max-image-preview":"max-image-preview:large","max-video-preview":"max-video-preview:-1"},"canonical":"https:\/\/www.beonsan.com\/en\/grc-glass-fiber-reinforced-concrete\/","og_locale":"en_US","og_type":"article","og_title":"GRC Glass Fiber Reinforced Concrete - Beonsan","og_description":"\u201cGlassfiber Reinforced Concrete (GRC), Beonsan\u00ae\ufe0f\u2019\u0131n \u00fcr\u00fcn yelpazesinde \u00f6ne \u00e7\u0131kan, modern mimarinin en dikkat \u00e7ekici malzemelerinden biridir.","og_url":"https:\/\/www.beonsan.com\/en\/grc-glass-fiber-reinforced-concrete\/","og_site_name":"Beonsan","article_modified_time":"2024-04-03T09:34:41+00:00","og_image":[{"url":"https:\/\/www.beonsan.com\/wp-content\/uploads\/2024\/02\/2.jpg","type":"","width":"","height":""}],"twitter_card":"summary_large_image","twitter_misc":{"Est. reading time":"1 minute"},"schema":{"@context":"https:\/\/schema.org","@graph":[{"@type":"WebPage","@id":"https:\/\/www.beonsan.com\/en\/grc-glass-fiber-reinforced-concrete\/","url":"https:\/\/www.beonsan.com\/en\/grc-glass-fiber-reinforced-concrete\/","name":"GRC Glass Fiber Reinforced Concrete - Beonsan","isPartOf":{"@id":"https:\/\/www.beonsan.com\/en\/#website"},"primaryImageOfPage":{"@id":"https:\/\/www.beonsan.com\/en\/grc-glass-fiber-reinforced-concrete\/#primaryimage"},"image":{"@id":"https:\/\/www.beonsan.com\/en\/grc-glass-fiber-reinforced-concrete\/#primaryimage"},"thumbnailUrl":"https:\/\/www.beonsan.com\/wp-content\/uploads\/2024\/02\/2.jpg","datePublished":"2024-02-28T22:08:45+00:00","dateModified":"2024-04-03T09:34:41+00:00","description":"\u201cGlassfiber Reinforced Concrete (GRC), Beonsan\u00ae\ufe0f\u2019\u0131n \u00fcr\u00fcn yelpazesinde \u00f6ne \u00e7\u0131kan, modern mimarinin en dikkat \u00e7ekici malzemelerinden biridir.","inLanguage":"en-US","potentialAction":[{"@type":"ReadAction","target":["https:\/\/www.beonsan.com\/en\/grc-glass-fiber-reinforced-concrete\/"]}]},{"@type":"ImageObject","inLanguage":"en-US","@id":"https:\/\/www.beonsan.com\/en\/grc-glass-fiber-reinforced-concrete\/#primaryimage","url":"https:\/\/www.beonsan.com\/wp-content\/uploads\/2024\/02\/2.jpg","contentUrl":"https:\/\/www.beonsan.com\/wp-content\/uploads\/2024\/02\/2.jpg"},{"@type":"WebSite","@id":"https:\/\/www.beonsan.com\/en\/#website","url":"https:\/\/www.beonsan.com\/en\/","name":"Beonsan","description":"Binan\u0131z\u0131n \u015e\u0131k Mimarisi","potentialAction":[{"@type":"SearchAction","target":{"@type":"EntryPoint","urlTemplate":"https:\/\/www.beonsan.com\/en\/?s={search_term_string}"},"query-input":{"@type":"PropertyValueSpecification","valueRequired":true,"valueName":"search_term_string"}}],"inLanguage":"en-US"}]}},"_links":{"self":[{"href":"https:\/\/www.beonsan.com\/en\/wp-json\/wp\/v2\/pages\/6062","targetHints":{"allow":["GET"]}}],"collection":[{"href":"https:\/\/www.beonsan.com\/en\/wp-json\/wp\/v2\/pages"}],"about":[{"href":"https:\/\/www.beonsan.com\/en\/wp-json\/wp\/v2\/types\/page"}],"author":[{"embeddable":true,"href":"https:\/\/www.beonsan.com\/en\/wp-json\/wp\/v2\/users\/1"}],"replies":[{"embeddable":true,"href":"https:\/\/www.beonsan.com\/en\/wp-json\/wp\/v2\/comments?post=6062"}],"version-history":[{"count":4,"href":"https:\/\/www.beonsan.com\/en\/wp-json\/wp\/v2\/pages\/6062\/revisions"}],"predecessor-version":[{"id":6066,"href":"https:\/\/www.beonsan.com\/en\/wp-json\/wp\/v2\/pages\/6062\/revisions\/6066"}],"wp:attachment":[{"href":"https:\/\/www.beonsan.com\/en\/wp-json\/wp\/v2\/media?parent=6062"}],"curies":[{"name":"wp","href":"https:\/\/api.w.org\/{rel}","templated":true}]}}